{"id":7389,"date":"2019-08-28T17:26:29","date_gmt":"2019-08-28T14:26:29","guid":{"rendered":"https:\/\/mpda.ru\/?page_id=7389"},"modified":"2020-11-12T10:42:07","modified_gmt":"2020-11-12T07:42:07","slug":"rec-na-textual-history-of-the-hebrew-bible-the-hebrew-bible-vol-1a-overview-articles-ed-by-a-lange-e-tov-leiden-boston-brill-2016-xlvi-450-p-isbn-978-90-04-23181-8","status":"publish","type":"page","link":"https:\/\/mpda.ru\/en\/rec-na-textual-history-of-the-hebrew-bible-the-hebrew-bible-vol-1a-overview-articles-ed-by-a-lange-e-tov-leiden-boston-brill-2016-xlvi-450-p-isbn-978-90-04-23181-8\/","title":{"rendered":"\u0420\u0435\u0446. \u043d\u0430: Textual History of the Hebrew Bible. The Hebrew Bible. Vol. 1A: Overview Articles \/ ed. by A. Lange, E. Tov. Leiden; Boston: Brill, 2016. XLVI + 450 p. ISBN 978-90-04-23181-8"},"content":{"rendered":"<p><strong>\u041c\u0438\u0445\u0430\u0438\u043b \u0413\u0435\u043e\u0440\u0433\u0438\u0435\u0432\u0438\u0447 \u0421\u0435\u043b\u0435\u0437\u043d\u0451\u0432<\/strong><\/p>\n\n\n\n<p><strong>Source<\/strong>and<\/p>\n\n\n\n<p><em>Hieronymus. <\/em>Epistul. 57: Ad Pammachium de optimo genere\ninterpretandi \/\/<em> Sancti Eusebii Hieronymi<\/em> epistulae. Pars 1: Epistulae\nI\u2012LXX \/ ed. by I. Hilberg. Wien; Leipzig: F. Tempsky \u2014 G. Freutag, 1910. S.\n503\u2012526. (Corpus scriptorum ecclesiasticorum latinorum; vol. 54).<\/p>\n\n\n\n<p><strong>Literature<\/strong><\/p>\n\n\n\n<p><em>\u0417\u0443\u0435\u0432\u0430 \u0415. \u0412.<\/em>\n\u0412\u0435\u0442\u0445\u043e\u0437\u0430\u0432\u0435\u0442\u043d\u044b\u0435 \u0446\u0438\u0442\u0430\u0442\u044b \u0432 \u0441\u0442\u0440\u0443\u043a\u0442\u0443\u0440\u0435 \u00ab\u0414\u0438\u0430\u043b\u043e\u0433\u0430 \u0441 \u0422\u0440\u0438\u0444\u043e\u043d\u043e\u043c \u0438\u0443\u0434\u0435\u0435\u043c\u00bb \u0441\u0432. \u0418\u0443\u0441\u0442\u0438\u043d\u0430 \u0424\u0438\u043b\u043e\u0441\u043e\u0444\u0430\n\/\/ \u0412\u0435\u0441\u0442\u043d\u0438\u043a \u041f\u0421\u0422\u0413\u0423. 2008. \u0412\u044b\u043f. 2 (22). \u0421. 28\u201244.<\/p>\n\n\n\n<p><em>\u0421\u0435\u043b\u0435\u0437\u043d\u0451\u0432 \u041c. \u0413., \u041a\u0430\u043b\u0438\u043d\u0438\u043d \u041c. \u0413. <\/em>\u041a\u0430\u043d\u043e\u043d \u0431\u0438\u0431\u043b\u0435\u0439\u0441\u043a\u0438\u0439 \/\/ \u041f\u042d. \u041c.: \u0426\u041d\u0426 \u00ab\u041f\u0440\u0430\u0432\u043e\u0441\u043b\u0430\u0432\u043d\u0430\u044f \u044d\u043d\u0446\u0438\u043a\u043b\u043e\u043f\u0435\u0434\u0438\u044f\u00bb, 2012. \u0422. 30. \u0421. 212\u2012236.<\/p>\n\n\n\n<p><em>\u0422\u043e\u0432<\/em><em> <\/em><em>\u042d<\/em><em>.<\/em> \u0422\u0435\u043a\u0441\u0442\u043e\u043b\u043e\u0433\u0438\u044f \u0412\u0435\u0442\u0445\u043e\u0433\u043e \u0417\u0430\u0432\u0435\u0442\u0430. \u041c.:\n\u0411\u0411\u0418,\n2003.<\/p>\n\n\n\n<p><em>Barr J.<\/em> The Typology of Literalism in\nAncient Biblical Translations \/\/ Mitteilungen des Septuaginta-Unternehmens.\nG\u00f6ttingen: Vandenhoeck &amp; Ruprecht, 1979. Bd. 15. S. 279\u2012325.<\/p>\n\n\n\n<p><em>Dani\u00e9lou J.<\/em>\n\u00c9tudes d&#8217;ex\u00e9g\u00e8se jud\u00e9o-chr\u00e9tienne: les Testimonia. Paris: Beauchesne, 1966.\n(Th\u00e9ologie historique; vol. 5).<\/p>\n\n\n\n<p><em>Harl M., Dorival G., Munnich O.<\/em> La Bible grecque des Septante: du\njuda\u00efsme hell\u00e9nistique au christianisme ancien. Paris: Cerf, <sup>2<\/sup>1994.<\/p>\n\n\n\n<p><em>Harris J.<\/em> <em>R<\/em>.\nTestimonies. Cambridge: University Press, 1916, 1920.\nVol. 1\u20122.<\/p>\n\n\n\n<p><em>Hengel M.<\/em> The Septuagint as Christian Scripture: Its Prehistory and the Problem\nof Its Canon. Edinburgh: T. &amp; T. Clark, 2002.<\/p>\n\n\n\n<p><em>Skarsaune O<\/em>. The Proof\nfrom Prophecy. A Study in Justin Martyr\u2019s Proof-Text Tradition: Text-Type,\nProvenance, Theological Profile. Leiden: Brill, 1987.<\/p>\n\n\n\n<p>The Hebrew Bible Vol. 1A: Overview Articles \/ ed. by\nA. Lange, E. Tov. Leiden; Boston: Brill, 2016.<\/p>\n\n\n\n<p>The Hebrew Bible. Vol. 1B: Pentateuch, Former and\nLatter Prophets \/ ed. by A. Lange, E. Tov. Leiden; Boston: Brill, 2016.<\/p>\n\n\n\n<p>The Hebrew Bible. Vol. 1C: Writings \/ ed. by A. Lange,\nE. Tov. Leiden; Boston: Brill, 2016.<\/p>\n\n\n\n<p><em>Tov E. <\/em>Textual Criticism of the Hebrew\nBible 1947\u20121997 \/\/ Perspectives in the Study of the Old Testament and Early\nJudaism: A Symposium in Honour of Adam S. van der Woude on the Occasion of His\n70th Birthday \/ ed. by E. Noort, F. G. Mart\u00ednez. Leiden: Brill, 1998. P. 61\u201281.<\/p>","protected":false},"excerpt":{"rendered":"<p>\u041c\u0438\u0445\u0430\u0438\u043b \u0413\u0435\u043e\u0440\u0433\u0438\u0435\u0432\u0438\u0447 \u0421\u0435\u043b\u0435\u0437\u043d\u0451\u0432 \u0418\u0441\u0442\u043e\u0447\u043d\u0438\u043a\u0438 Hieronymus. Epistul. 57: Ad Pammachium de optimo genere interpretandi \/\/ Sancti Eusebii Hieronymi epistulae. Pars 1: Epistulae I\u2012LXX \/ ed. by I. Hilberg. Wien; Leipzig: F. Tempsky \u2014 G. Freutag, 1910. S. 503\u2012526. (Corpus scriptorum ecclesiasticorum latinorum; vol. 54). \u041b\u0438\u0442\u0435\u0440\u0430\u0442\u0443\u0440\u0430 \u0417\u0443\u0435\u0432\u0430 \u0415. \u0412. \u0412\u0435\u0442\u0445\u043e\u0437\u0430\u0432\u0435\u0442\u043d\u044b\u0435 \u0446\u0438\u0442\u0430\u0442\u044b \u0432 \u0441\u0442\u0440\u0443\u043a\u0442\u0443\u0440\u0435 \u00ab\u0414\u0438\u0430\u043b\u043e\u0433\u0430 \u0441 \u0422\u0440\u0438\u0444\u043e\u043d\u043e\u043c \u0438\u0443\u0434\u0435\u0435\u043c\u00bb [&hellip;]<\/p>","protected":false},"author":3,"featured_media":0,"parent":0,"menu_order":0,"comment_status":"closed","ping_status":"closed","template":"","meta":{"_acf_changed":false,"footnotes":""},"categories":[71],"wf_page_folders":[],"class_list":["post-7389","page","type-page","status-publish","hentry","category-knigi"],"acf":[],"featured_image_urls_v2":{"full":"","thumbnail":"","medium":"","medium_large":"","large":"","1536x1536":"","2048x2048":"","trp-custom-language-flag":""},"post_excerpt_stackable_v2":"<p>\u041c\u0438\u0445\u0430\u0438\u043b \u0413\u0435\u043e\u0440\u0433\u0438\u0435\u0432\u0438\u0447 \u0421\u0435\u043b\u0435\u0437\u043d\u0451\u0432 \u0418\u0441\u0442\u043e\u0447\u043d\u0438\u043a\u0438 Hieronymus. Epistul. 57: Ad Pammachium de optimo genere interpretandi \/\/ Sancti Eusebii Hieronymi epistulae. Pars 1: Epistulae I\u2012LXX \/ ed. by I. Hilberg. Wien; Leipzig: F. Tempsky \u2014 G. Freutag, 1910. S. 503\u2012526. (Corpus scriptorum ecclesiasticorum latinorum; vol. 54). \u041b\u0438\u0442\u0435\u0440\u0430\u0442\u0443\u0440\u0430 \u0417\u0443\u0435\u0432\u0430 \u0415. \u0412. \u0412\u0435\u0442\u0445\u043e\u0437\u0430\u0432\u0435\u0442\u043d\u044b\u0435 \u0446\u0438\u0442\u0430\u0442\u044b \u0432 \u0441\u0442\u0440\u0443\u043a\u0442\u0443\u0440\u0435 \u00ab\u0414\u0438\u0430\u043b\u043e\u0433\u0430 \u0441 \u0422\u0440\u0438\u0444\u043e\u043d\u043e\u043c \u0438\u0443\u0434\u0435\u0435\u043c\u00bb \u0441\u0432. \u0418\u0443\u0441\u0442\u0438\u043d\u0430 \u0424\u0438\u043b\u043e\u0441\u043e\u0444\u0430 \/\/ \u0412\u0435\u0441\u0442\u043d\u0438\u043a \u041f\u0421\u0422\u0413\u0423. 2008. \u0412\u044b\u043f. 2 (22). \u0421. 28\u201244. \u0421\u0435\u043b\u0435\u0437\u043d\u0451\u0432 \u041c. \u0413., \u041a\u0430\u043b\u0438\u043d\u0438\u043d \u041c. \u0413. \u041a\u0430\u043d\u043e\u043d \u0431\u0438\u0431\u043b\u0435\u0439\u0441\u043a\u0438\u0439 \/\/ \u041f\u042d. \u041c.: \u0426\u041d\u0426 \u00ab\u041f\u0440\u0430\u0432\u043e\u0441\u043b\u0430\u0432\u043d\u0430\u044f \u044d\u043d\u0446\u0438\u043a\u043b\u043e\u043f\u0435\u0434\u0438\u044f\u00bb, 2012. \u0422. 30. \u0421. 212\u2012236. \u0422\u043e\u0432 \u042d. \u0422\u0435\u043a\u0441\u0442\u043e\u043b\u043e\u0433\u0438\u044f \u0412\u0435\u0442\u0445\u043e\u0433\u043e \u0417\u0430\u0432\u0435\u0442\u0430. \u041c.: \u0411\u0411\u0418, 2003. Barr J. The Typology of Literalism&hellip;<\/p>\n","category_list_v2":"<a href=\"https:\/\/mpda.ru\/en\/category\/knigi\/\" rel=\"category tag\">\u041a\u043d\u0438\u0433\u0438<\/a>","author_info_v2":{"name":"","url":"https:\/\/mpda.ru\/en\/author\/"},"comments_num_v2":"0 comments","publishpress_future_action":{"enabled":false,"date":"2026-07-16 00:16:37","action":"change-status","newStatus":"private","terms":[],"taxonomy":"category","extraData":[]},"publishpress_future_workflow_manual_trigger":{"enabledWorkflows":[]},"_links":{"self":[{"href":"https:\/\/mpda.ru\/en\/wp-json\/wp\/v2\/pages\/7389","targetHints":{"allow":["GET"]}}],"collection":[{"href":"https:\/\/mpda.ru\/en\/wp-json\/wp\/v2\/pages"}],"about":[{"href":"https:\/\/mpda.ru\/en\/wp-json\/wp\/v2\/types\/page"}],"author":[{"embeddable":true,"href":"https:\/\/mpda.ru\/en\/wp-json\/wp\/v2\/users\/3"}],"replies":[{"embeddable":true,"href":"https:\/\/mpda.ru\/en\/wp-json\/wp\/v2\/comments?post=7389"}],"version-history":[{"count":1,"href":"https:\/\/mpda.ru\/en\/wp-json\/wp\/v2\/pages\/7389\/revisions"}],"predecessor-version":[{"id":14404,"href":"https:\/\/mpda.ru\/en\/wp-json\/wp\/v2\/pages\/7389\/revisions\/14404"}],"wp:attachment":[{"href":"https:\/\/mpda.ru\/en\/wp-json\/wp\/v2\/media?parent=7389"}],"wp:term":[{"taxonomy":"category","embeddable":true,"href":"https:\/\/mpda.ru\/en\/wp-json\/wp\/v2\/categories?post=7389"},{"taxonomy":"wf_page_folders","embeddable":true,"href":"https:\/\/mpda.ru\/en\/wp-json\/wp\/v2\/wf_page_folders?post=7389"}],"curies":[{"name":"wp","href":"https:\/\/api.w.org\/{rel}","templated":true}]}}