{"id":5930,"date":"2019-06-06T17:12:34","date_gmt":"2019-06-06T14:12:34","guid":{"rendered":"https:\/\/mpda.ru\/?page_id=5930"},"modified":"2020-11-12T10:42:07","modified_gmt":"2020-11-12T07:42:07","slug":"ob-otnositelnoj-hronologii-dialogov-evtifron-i-protagor","status":"publish","type":"page","link":"https:\/\/mpda.ru\/en\/ob-otnositelnoj-hronologii-dialogov-evtifron-i-protagor\/","title":{"rendered":"\u041e\u0431 \u043e\u0442\u043d\u043e\u0441\u0438\u0442\u0435\u043b\u044c\u043d\u043e\u0439 \u0445\u0440\u043e\u043d\u043e\u043b\u043e\u0433\u0438\u0438 \u0434\u0438\u0430\u043b\u043e\u0433\u043e\u0432 \u00ab\u0415\u0432\u0442\u0438\u0444\u0440\u043e\u043d\u00bb \u0438 \u00ab\u041f\u0440\u043e\u0442\u0430\u0433\u043e\u0440\u00bb"},"content":{"rendered":"<p><strong>\u0420\u043e\u043c\u0430\u043d \u0421\u0435\u0440\u0433\u0435\u0435\u0432\u0438\u0447 \u0421\u043e\u043b\u043e\u0432\u044c\u0451\u0432<\/strong><br>\u043c\u0430\u0433\u0438\u0441\u0442\u0440 \u0431\u043e\u0433\u043e\u0441\u043b\u043e\u0432\u0438\u044f, \u0430\u0441\u043f\u0438\u0440\u0430\u043d\u0442 \u041c\u043e\u0441\u043a\u043e\u0432\u0441\u043a\u043e\u0439 \u0434\u0443\u0445\u043e\u0432\u043d\u043e\u0439 \u0430\u043a\u0430\u0434\u0435\u043c\u0438\u0438, 141300, \u0421\u0435\u0440\u0433\u0438\u0435\u0432 \u041f\u043e\u0441\u0430\u0434, \u0422\u0440\u043e\u0438\u0446\u0435-\u0421\u0435\u0440\u0433\u0438\u0435\u0432\u0430 \u041b\u0430\u0432\u0440\u0430, \u0410\u043a\u0430\u0434\u0435\u043c\u0438\u044f, solorom@gmail.com<\/p>\n\n\n\n<p>\u0411\u043e\u0433\u043e\u0441\u043b\u043e\u0432\u0441\u043a\u0438\u0439 \u0432\u0435\u0441\u0442\u043d\u0438\u043a. 2019. \u0422. 33. \u2116 2. \u0421. 152-164.<\/p>\n\n\n\n<p>doi:  10.31802\/2500-1450-2019-33-152-164 <\/p>\n\n\n\n<p><strong>\u0410\u043d\u043d\u043e\u0442\u0430\u0446\u0438\u044f<\/strong><br>\u0412 \u0441\u0442\u0430\u0442\u044c\u0435 \u0440\u0430\u0441\u0441\u043c\u0430\u0442\u0440\u0438\u0432\u0430\u0435\u0442\u0441\u044f \u043f\u0440\u043e\u0431\u043b\u0435\u043c\u0430 \u0434\u0430\u0442\u0438\u0440\u043e\u0432\u043a\u0438 \u0434\u0432\u0443\u0445 \u0434\u0438\u0430\u043b\u043e\u0433\u043e\u0432 \u041f\u043b\u0430\u0442\u043e\u043d\u0430: \u00ab\u0415\u0432\u0442\u0438\u0444\u0440\u043e\u043d\u0430\u00bb \u0438 \u00ab\u041f\u0440\u043e\u0442\u0430\u0433\u043e\u0440\u0430\u00bb, \u043a\u043e\u0442\u043e\u0440\u044b\u0435 \u0442\u0440\u0430\u0434\u0438\u0446\u0438\u043e\u043d\u043d\u043e \u043e\u0442\u043d\u043e\u0441\u044f\u0442\u0441\u044f \u043a \u0447\u0438\u0441\u043b\u0443 \u0440\u0430\u043d\u043d\u0438\u0445 \u043f\u0440\u043e\u0438\u0437\u0432\u0435\u0434\u0435\u043d\u0438\u0439 \u0430\u0432\u0442\u043e\u0440\u0430. \u041d\u0430 \u043e\u0441\u043d\u043e\u0432\u0430\u043d\u0438\u0438 \u0430\u043d\u0430\u043b\u0438\u0437\u0430 \u0436\u0430\u043d\u0440\u0430, \u0440\u0430\u0437\u043b\u0438\u0447\u0438\u044f \u043e\u0431\u0440\u0430\u0437\u0430 \u0421\u043e\u043a\u0440\u0430\u0442\u0430, \u043e\u0441\u043e\u0431\u0435\u043d\u043d\u043e\u0441\u0442\u0435\u0439 \u0442\u0440\u0430\u043a\u0442\u043e\u0432\u043a\u0438 \u043f\u043e\u043d\u044f\u0442\u0438\u044f \u00ab\u0431\u043b\u0430\u0433\u043e\u0447\u0435\u0441\u0442\u0438\u0435\u00bb, \u0430 \u0442\u0430\u043a\u0436\u0435 \u0441\u043e\u043f\u043e\u0441\u0442\u0430\u0432\u043b\u0435\u043d\u0438\u044f \u0441 \u0434\u0440\u0443\u0433\u0438\u043c\u0438 \u043f\u0440\u043e\u0438\u0437\u0432\u0435\u0434\u0435\u043d\u0438\u044f\u043c\u0438 \u043f\u043b\u0430\u0442\u043e\u043d\u043e\u0432\u0441\u043a\u043e\u0433\u043e \u043a\u043e\u0440\u043f\u0443\u0441\u0430 \u0430\u0432\u0442\u043e\u0440 \u043f\u0440\u0438\u0445\u043e\u0434\u0438\u0442 \u043a \u0432\u044b\u0432\u043e\u0434\u0443, \u0447\u0442\u043e \u0438\u0441\u0441\u043b\u0435\u0434\u0443\u0435\u043c\u044b\u0435 \u043f\u0440\u043e\u0438\u0437\u0432\u0435\u0434\u0435\u043d\u0438\u044f \u043d\u0435 \u043c\u043e\u0433\u043b\u0438 \u0431\u044b\u0442\u044c \u043d\u0430\u043f\u0438\u0441\u0430\u043d\u044b \u043e\u0434\u043d\u043e\u0432\u0440\u0435\u043c\u0435\u043d\u043d\u043e, \u0430 \u0438\u043c\u0435\u043d\u043d\u043e: \u00ab\u041f\u0440\u043e\u0442\u0430\u0433\u043e\u0440\u00bb \u043e\u0442\u043d\u043e\u0441\u0438\u0442\u0441\u044f \u043a \u0440\u0430\u043d\u043d\u0438\u043c \u043f\u0440\u043e\u0438\u0437\u0432\u0435\u0434\u0435\u043d\u0438\u044f\u043c \u041f\u043b\u0430\u0442\u043e\u043d\u0430, \u0430 \u00ab\u0415\u0432\u0442\u0438\u0444\u0440\u043e\u043d\u00bb, \u0432\u0435\u0440\u043e\u044f\u0442\u043d\u043e, \u044f\u0432\u043b\u044f\u0435\u0442\u0441\u044f \u043f\u043e\u0437\u0434\u043d\u0438\u043c \u043f\u0440\u043e\u0438\u0437\u0432\u0435\u0434\u0435\u043d\u0438\u0435\u043c \u043f\u043b\u0430\u0442\u043e\u043d\u043e\u0432\u0441\u043a\u043e\u0433\u043e \u043a\u043e\u0440\u043f\u0443\u0441\u0430.<\/p>\n\n\n\n<p><strong>\u041a\u043b\u044e\u0447\u0435\u0432\u044b\u0435 \u0441\u043b\u043e\u0432\u0430:<\/strong> \u0434\u0440\u0435\u0432\u043d\u0435\u0433\u0440\u0435\u0447\u0435\u0441\u043a\u0430\u044f \u0444\u0438\u043b\u043e\u0441\u043e\u0444\u0438\u044f, \u0445\u0440\u043e\u043d\u043e\u043b\u043e\u0433\u0438\u044f \u0434\u0438\u0430\u043b\u043e\u0433\u043e\u0432 \u041f\u043b\u0430\u0442\u043e\u043d\u0430, \u0434\u0438\u0430\u043b\u043e\u0433 \u00ab\u0415\u0432\u0442\u0438\u0444\u0440\u043e\u043d\u00bb, \u0434\u0438\u0430\u043b\u043e\u0433 \u00ab\u041f\u0440\u043e\u0442\u0430\u0433\u043e\u0440\u00bb, \u0434\u0438\u0430\u043b\u043e\u0433\u0438 \u0432 \u043f\u0440\u044f\u043c\u043e\u0439 \u0434\u0440\u0430\u043c\u0430\u0442\u0438\u0447\u0435\u0441\u043a\u043e\u0439 \u0444\u043e\u0440\u043c\u0435, \u043f\u0435\u0440\u0435\u0441\u043a\u0430\u0437\u0430\u043d\u043d\u044b\u0435 \u0434\u0438\u0430\u043b\u043e\u0433\u0438, \u0431\u043b\u0430\u0433\u043e\u0447\u0435\u0441\u0442\u0438\u0435.<\/p>\n\n\n\n<p><strong>Bibliography <\/strong><br><strong>\u0418\u0441\u0442\u043e\u0447\u043d\u0438\u043a\u0438<\/strong><br><em>\u041f\u043b\u0430\u0442\u043e\u043d<\/em>. \u041f\u0430\u0440\u043c\u0435\u043d\u0438\u0434 \/ \u041f\u0435\u0440\u0435\u0432\u043e\u0434, \u0432\u0432\u0435\u0434\u0435\u043d\u0438\u0435, \u043a\u043e\u043c\u043c\u0435\u043d\u0442\u0430\u0440\u0438\u0438, \u043f\u0440\u0438\u043b\u043e\u0436\u0435\u043d\u0438\u0435, \u0443\u043a\u0430\u0437\u0430\u0442\u0435\u043b\u044c \u0438\u043c\u0435\u043d \u042e. \u0410. \u0428\u0438\u0447\u0430\u043b\u0438\u043d\u0430. \u0421\u041f\u0431.: \u0418\u0437\u0434\u0430\u0442\u0435\u043b\u044c\u0441\u0442\u0432\u043e \u0420\u0425\u0413\u0410, 2017.<br><em>Aristoteles.<\/em> Categoriae \/\/ Aristotelis categoriae et liber de interpretation \/ ed. L. Minio-Paluello. Oxford: Clarendon Press, 1949. P. 3\u201345. <br><em>Aristoteles.<\/em> Politica \/\/ Aristotelis Politica \/ ed. by W. D. Ross. Oxford: Clarendon Press, 1964. P. 1\u2013269.<br>Dissoi Logoi. Zweierlei Ansichten. Ein sophistischer Traktat. Text \u2014 \u00dcbersetzung \u2014 Kommentar \/ ed. P. Scholz, A. Becker. Berlin; Boston: Akademie Verlag, 2004. S. 45\u201393.<br><em>Platonis<\/em> Opera. In 5 vols. Vol. 1 \/ ed. by J. Burnet. Oxford: Clarendon Press, 1900.<br><strong>Literature<\/strong><br><em>\u041a\u0430\u0440\u0430\u0442\u0438\u043d\u0438 \u0420. <\/em>\u0412\u0432\u0435\u0434\u0435\u043d\u0438\u0435 \u0432 \u0444\u0438\u043b\u043e\u0441\u043e\u0444\u0438\u044e. \u041c.: \u042d\u043a\u0441\u043c\u043e, 2003.<br><em>\u041f\u0440\u0435\u0441\u0441 \u0414\u0436<\/em>. \u041f\u043e\u0441\u0442\u0430\u043d\u043e\u0432\u043a\u0430 \u0432\u043e\u043f\u0440\u043e\u0441\u0430 \u0432 \u043f\u043b\u0430\u0442\u043e\u043d\u043e\u0432\u0435\u0434\u0435\u043d\u0438\u0438: 15 \u043b\u0435\u0442 \u0441\u043f\u0443\u0441\u0442\u044f \/\/ \u041f\u043b\u0430\u0442\u043e\u043d\u043e\u0432\u0441\u043a\u0438\u0439 \u0441\u0431\u043e\u0440\u043d\u0438\u043a \/ \u0440\u0435\u0434. \u0418. \u0410. \u041f\u0440\u043e\u0442\u043e\u043f\u043e\u043f\u043e\u0432\u0430 \u0438 \u0434\u0440., \u043f\u0435\u0440. \u0410. \u0412. \u0413\u0430\u0440\u0430\u0434\u0436\u0430.&nbsp; \u041c.; \u0421\u041f\u0431.: \u0420\u0413\u0413\u0423\u2013\u0420\u0425\u0413\u0410, 2013. \u0422. 1. \u0421. 48\u201375.<br><em>\u0421\u0430\u043d\u0436\u0435\u043d\u0430\u043a\u043e\u0432 \u0410. \u0410<\/em>. \u0422\u0440\u0430\u043a\u0442\u0430\u0442 \u00ab\u043e \u0434\u043e\u0431\u0440\u043e\u0434\u0435\u0442\u0435\u043b\u044f\u0445 \u0438 \u043f\u043e\u0440\u043e\u043a\u0430\u0445\u00bb (\u043f\u0435\u0440\u0435\u0432\u043e\u0434 \u0438 \u043a\u043e\u043c\u043c\u0435\u043d\u0442\u0430\u0440\u0438\u0439) \/\/ Schole. \u0424\u0438\u043b\u043e\u0441\u043e\u0444\u0441\u043a\u043e\u0435 \u0430\u043d\u0442\u0438\u043a\u043e\u0432\u0435\u0434\u0435\u043d\u0438\u0435 \u0438 \u043a\u043b\u0430\u0441\u0441\u0438\u0447\u0435\u0441\u043a\u0430\u044f \u0442\u0440\u0430\u0434\u0438\u0446\u0438\u044f. 2016. \u0422. 2. \u21162. \u0421. 754\u2013777. <br><em>\u0428\u0438\u0447\u0430\u043b\u0438\u043d \u042e. \u0410<\/em>. Corpus platonicum: \u043e \u043d\u0435\u043a\u043e\u0442\u043e\u0440\u044b\u0445 \u043d\u0430\u043f\u0440\u0430\u0432\u043b\u0435\u043d\u0438\u044f\u0445 \u0435\u0433\u043e \u0438\u0441\u0442\u043e\u0440\u0438\u043a\u043e-\u0444\u0438\u043b\u043e\u043b\u043e\u0433\u0438\u0447\u0435\u0441\u043a\u043e\u0433\u043e \u0438 \u0438\u0441\u0442\u043e\u0440\u0438\u043a\u043e-\u0444\u0438\u043b\u043e\u0441\u043e\u0444\u0441\u043a\u043e\u0433\u043e \u0438\u0441\u0441\u043b\u0435\u0434\u043e\u0432\u0430\u043d\u0438\u044f \/\/ Platonica I: \u0441\u0431\u043e\u0440\u043d\u0438\u043a \u0441\u0442\u0430\u0442\u0435\u0439. \u041c.: \u0413\u0440\u0435\u043a\u043e-\u043b\u0430\u0442\u0438\u043d\u0441\u043a\u0438\u0439 \u043a\u0430\u0431\u0438\u043d\u0435\u0442 \u042e. \u0410. \u0428\u0438\u0447\u0430\u043b\u0438\u043d\u0430, 2018. C. 69\u201395.<br><em>\u0428\u0438\u0447\u0430\u043b\u0438\u043d \u042e. \u0410<\/em>. \u0417\u0430\u043c\u0435\u0442\u043a\u0438 \u043a \u041f\u043b\u0430\u0442\u043e\u043d\u043e\u0432\u044b\u043c \u0410\u043f\u043e\u043b\u043e\u0433\u0438\u0438, \u041c\u0435\u043d\u0435\u043a\u0441\u0435\u043d\u0443, \u041f\u0438\u0440\u0443 \/\/ Platonica I: \u0441\u0431\u043e\u0440\u043d\u0438\u043a \u0441\u0442\u0430\u0442\u0435\u0439. \u041c.: \u0413\u0440\u0435\u043a\u043e-\u043b\u0430\u0442\u0438\u043d\u0441\u043a\u0438\u0439 \u043a\u0430\u0431\u0438\u043d\u0435\u0442 \u042e. \u0410. \u0428\u0438\u0447\u0430\u043b\u0438\u043d\u0430, 2018. C. 43\u201368.<br><em>\u0428\u0438\u0447\u0430\u043b\u0438\u043d \u042e. \u0410<\/em>. \u0417\u0430\u043c\u0435\u0442\u043a\u0438 \u043e \u0434\u0438\u0430\u043b\u043e\u0433\u0435 \u041f\u043b\u0430\u0442\u043e\u043d\u043e\u0432\u0441\u043a\u043e\u0433\u043e \u043a\u043e\u0440\u043f\u0443\u0441\u0430 \u00ab\u0415\u0432\u0442\u0438\u0444\u0440\u043e\u043d\u00bb \/\/ \u0424\u0438\u043b\u043e\u0441\u043e\u0444\u0438\u044f. \u0416\u0443\u0440\u043d\u0430\u043b \u0412\u044b\u0441\u0448\u0435\u0439 \u0448\u043a\u043e\u043b\u044b \u044d\u043a\u043e\u043d\u043e\u043c\u0438\u043a\u0438. 2019. \u0422. 3. \u2116 1. \u0421. 13\u201335.<br><em>Brisson L.<\/em> Platon \u2014 Euthyphron \/\/ DPA \/ sous la direction de R. Goulet. Paris: CNRS \u00c9ditions, 2012. T. 5a. P. 661\u2013669.<br><em>Brisson L.<\/em> Les listes de vertus dans le Protagoras et dans la R\u00e9publique \/\/ Probl\u00e8mes de la Morale antique, sept \u00e9tudes de L. Brisson et al., r\u00e9unies par P. Demont. Universit\u00e9 d&#8217;Amiens-Facult\u00e9 des Lettres, Centre de Recherches sur l&#8217;Antiquit\u00e9 grecque et latine. Amiens (Facult\u00e9 des Lettres), 1993. P. 75\u201392.<br><em>Dorion L.-A.<\/em> Platon, Lach\u00e8s \u2014 Euthyphron \/ introductions et traductions in\u00e9dites par <em>L.-A. Dorion<\/em>. Paris: &nbsp;GF-Flammarion, 1997.<br><em>Ildefonce F.<\/em> Platon \u2014 Protagoras \/\/ DPA \/ sous la direction de R. Goulet. Paris: CNRS \u00c9ditions, 2012. T. 5a. P. 759\u2013771.<br>\u00abOusia\u00bb dans la philosophie grecque des origines \u00e0 Aristote. Travaux du Centre d\u2019\u00e9tudes aristot\u00e9liciennes de l\u2019Universit\u00e9 de Li\u00e8ge \/ ed. A. Motte, A. Lefka, D. Seron. Louvain-La-Neuve: Peeters, 2008.<\/p>\n\n\n\n<p><strong>Roman S. Solovyov<\/strong><br>MA in Theology, PhD student in Moscow Theological Academy, Holy Trinity-St. Sergius Lavra, Sergiev Posad 141300, Russia, solorom@gmail.com<\/p>\n\n\n\n<p><em>Theological Herald<\/em>, vol. 33, no. 2, 2019, pp. 152-164. (In Russian). <\/p>\n\n\n\n<p>doi:<\/p>\n\n\n\n<p><strong>Abstract<\/strong><br>The article discusses the problem of dating the two dialogues of Plato: \u201cEuthyphron\u201d and \u201cProtagoras\u201d, which traditionally are among the earliest works of the author. Based on the analysis of the genre, the differences in the image of Socrates, the features of the interpretation of the concept of \u201cpiety\u201d, as well as comparison with other works of the Platonic&nbsp; Corpus, the author concludes that the studied works could not be written at the same time, namely: \u201cProtagoras\u201d refers to the early works of Plato, and \u201cEuthyphron\u201d is probably a late work of the Platonic Corpus. <\/p>\n\n\n\n<p><strong>Keywords: <\/strong>ancient Greek philosophy, chronology of Plato&#8217;s dialogues, dialogue \u201cEuthyphron\u201d, dialogue \u201cProtagoras\u201d, dialogues in direct dramatic form, retold dialogues, piety.<\/p>\n\n\n\n<p><strong>References<\/strong><br>Aristoteles. \u201cCategoriae\u201d.<em> Aristotelis categoriae et liber de interpretation,<\/em> edited by L. Minio-Paluello, Oxford, Clarendon Press, 1949.<br>\u2013\u2013\u2013 Politica<em>. Aristotelis Politica, <\/em>edited by W. D. Ross, Oxford, Clarendon Press, 1964.<br>Brisson, L. \u201cLes listes de vertus dans le Protagoras et dans la R\u00e9publique\u201d [\u201cThe Lists of Virtues in the Protagoras and in the Republic\u02ee]. <em>Probl\u00e8mes de la Morale antique, sept \u00e9tudes de L. Brisson et al., r\u00e9unies par P. Demont [Problems of the Ancient Morale, Seven Studies of L.&nbsp;Brisson et al., Brought Together by P. Demont], <\/em>Amiens (Facult\u00e9 des Lettres), 1993. (In French)<br>\u2013\u2013\u2013 \u201cPlaton \u2014 Euthyphron\u201d. <em>Dictionnaire des philosophes antiques publie [Dictionary of Ancient Philosophers Publishes],<\/em> vol. 5a, Paris, CNRS \u00c9ditions, 2012, pp. 661\u2013669. (In French)<br><em>Dissoi Logoi. Zweierlei Ansichten. Ein sophistischer Traktat. Text \u2014 \u00dcbersetzung \u2014 Kommentar [Dissoi Logoi. Two Views. A Sophist Tractate. Text \u2015 Translation \u2015 Comment].<\/em> Edited by P.&nbsp;Scholz, A. Becker, Berlin, Boston, Akademie Verlag, 2004, pp. 45\u201393. (In German)<br>Dorion, L.-A. <em>Platon, Lach\u00e8s \u2014 Euthyphron.<\/em> Paris, GF-Flammarion, 1997. (In French)<br>Ildefonce, F. \u201cPlaton \u2014 Protagoras\u201d, <em>Dictionnaire des philosophes antiques publi\u00e9 [Dictionary of Ancient Philosophers Publishes],<\/em> vol. 5a, Paris: CNRS \u00c9ditions, 2012, pp. 759\u2013771. (In French)<br>Karatini, R. <em>Vvedenie v filosofiiu [Introduction to Philosophy].<\/em> Moskow, Eksmo, 2003. (In Russian)<br>Motte, A., et al., editors<em>. \u201cOusia\u201d dans la philosophie grecque des origines \u00e0 Aristote. Travaux du Centre d\u2019\u00e9tudes aristot\u00e9liciennes de l\u2019Universit\u00e9 de Li\u00e8ge [&#171;Ousia&#187; in the Greek Philosophy of Origins to Aristotle. Works of the Aristotelian Studies Center of the University of Li\u00e8ge]<\/em>. Louvain-La-Neuve, Peeters, 2008. (In French)<br>Plato.<em> Parmenid [Parmenides]. <\/em>Translated by Iu. A. Shichalin,Saint-Petersburg, Russian Christian Humanitarian Academy,2017. (In Russian).<br>Press, J. \u201cPostanovka voprosa v platonovedenii: 15 let spustya\u201d [\u201cThe Question in Platanoidea: 15 Years Later\u201d]. <em>Platonovskii sbornik [The Platonic Collection],<\/em> edited by I. A. Protopopova, et al., vol. 1, Moscow, Saint-Petersburg, 2013, pp. 48\u201375. (In Russian)<br>Sanzhenakov A. A. \u201cTraktat \u2018o dobrodeteliakh i porokakh\u2019 (perevod i kommentari\u012d)\u201d [\u201cTreatise \u2018on Virtues and Vices\u2019 (Translation and Commentary)\u201d]. <em>Schole. Filosofskoe antikovedenie i klassicheskaia traditsiia &nbsp;[Schole. Philosophical Classics and the Classical Tradition],<\/em> vol. 10, no. 2, 2016, pp. 754\u2013777. (In Russian)<br>Shichalin, Iu. A. \u201cCorpus platonicum: o nekotorykh napravleniiakh ego istoriko-filologicheskogo i istoriko-filosofskogo issledovaniia\u201d [\u201cCorpus Platonicum: on Some Directions of its Historical-Philological and Historical-Philosophical Research\u201d]. <em>Platonica I: sbornik statei [Platonica I: Collection of Articles],<\/em> Moscow, Greko-latinski\u012d kabinet Iu. A. Shichalina, 2018, pp. 69\u201395. (In Russian)<br>\u2013\u2013\u2013 \u201cZametki o dialoge Platonovskogo korpusa \u2018Yevtifron\u2019\u201d [\u201cNotes on the Euthyphro from the Corpus Platonicum\u201d]. <em>Filosofiia. Zhurnal Vysshe\u012d shkoly \u0117konomiki [Philosophy. Journal of the Higher School of Economics], <\/em>vol. 3, no. 1. 2019, pp. 13\u201335. (In Russian)<\/p>","protected":false},"excerpt":{"rendered":"<p>\u0420\u043e\u043c\u0430\u043d \u0421\u0435\u0440\u0433\u0435\u0435\u0432\u0438\u0447 \u0421\u043e\u043b\u043e\u0432\u044c\u0451\u0432\u043c\u0430\u0433\u0438\u0441\u0442\u0440 \u0431\u043e\u0433\u043e\u0441\u043b\u043e\u0432\u0438\u044f, \u0430\u0441\u043f\u0438\u0440\u0430\u043d\u0442 \u041c\u043e\u0441\u043a\u043e\u0432\u0441\u043a\u043e\u0439 \u0434\u0443\u0445\u043e\u0432\u043d\u043e\u0439 \u0430\u043a\u0430\u0434\u0435\u043c\u0438\u0438, 141300, \u0421\u0435\u0440\u0433\u0438\u0435\u0432 \u041f\u043e\u0441\u0430\u0434, \u0422\u0440\u043e\u0438\u0446\u0435-\u0421\u0435\u0440\u0433\u0438\u0435\u0432\u0430 \u041b\u0430\u0432\u0440\u0430, \u0410\u043a\u0430\u0434\u0435\u043c\u0438\u044f, solorom@gmail.com \u0411\u043e\u0433\u043e\u0441\u043b\u043e\u0432\u0441\u043a\u0438\u0439 \u0432\u0435\u0441\u0442\u043d\u0438\u043a. 2019. \u0422. 33. \u2116 2. \u0421. 152-164. doi: 10.31802\/2500-1450-2019-33-152-164 \u0410\u043d\u043d\u043e\u0442\u0430\u0446\u0438\u044f\u0412 \u0441\u0442\u0430\u0442\u044c\u0435 \u0440\u0430\u0441\u0441\u043c\u0430\u0442\u0440\u0438\u0432\u0430\u0435\u0442\u0441\u044f \u043f\u0440\u043e\u0431\u043b\u0435\u043c\u0430 \u0434\u0430\u0442\u0438\u0440\u043e\u0432\u043a\u0438 \u0434\u0432\u0443\u0445 \u0434\u0438\u0430\u043b\u043e\u0433\u043e\u0432 \u041f\u043b\u0430\u0442\u043e\u043d\u0430: \u00ab\u0415\u0432\u0442\u0438\u0444\u0440\u043e\u043d\u0430\u00bb \u0438 \u00ab\u041f\u0440\u043e\u0442\u0430\u0433\u043e\u0440\u0430\u00bb, \u043a\u043e\u0442\u043e\u0440\u044b\u0435 \u0442\u0440\u0430\u0434\u0438\u0446\u0438\u043e\u043d\u043d\u043e \u043e\u0442\u043d\u043e\u0441\u044f\u0442\u0441\u044f \u043a \u0447\u0438\u0441\u043b\u0443 \u0440\u0430\u043d\u043d\u0438\u0445 \u043f\u0440\u043e\u0438\u0437\u0432\u0435\u0434\u0435\u043d\u0438\u0439 \u0430\u0432\u0442\u043e\u0440\u0430. \u041d\u0430 \u043e\u0441\u043d\u043e\u0432\u0430\u043d\u0438\u0438 \u0430\u043d\u0430\u043b\u0438\u0437\u0430 \u0436\u0430\u043d\u0440\u0430, \u0440\u0430\u0437\u043b\u0438\u0447\u0438\u044f \u043e\u0431\u0440\u0430\u0437\u0430 \u0421\u043e\u043a\u0440\u0430\u0442\u0430, \u043e\u0441\u043e\u0431\u0435\u043d\u043d\u043e\u0441\u0442\u0435\u0439 \u0442\u0440\u0430\u043a\u0442\u043e\u0432\u043a\u0438 \u043f\u043e\u043d\u044f\u0442\u0438\u044f [&hellip;]<\/p>","protected":false},"author":3,"featured_media":0,"parent":0,"menu_order":0,"comment_status":"closed","ping_status":"closed","template":"","meta":{"_acf_changed":false,"footnotes":""},"categories":[71],"wf_page_folders":[],"class_list":["post-5930","page","type-page","status-publish","hentry","category-knigi"],"acf":[],"featured_image_urls_v2":{"full":"","thumbnail":"","medium":"","medium_large":"","large":"","1536x1536":"","2048x2048":"","trp-custom-language-flag":""},"post_excerpt_stackable_v2":"<p>\u0420\u043e\u043c\u0430\u043d \u0421\u0435\u0440\u0433\u0435\u0435\u0432\u0438\u0447 \u0421\u043e\u043b\u043e\u0432\u044c\u0451\u0432\u043c\u0430\u0433\u0438\u0441\u0442\u0440 \u0431\u043e\u0433\u043e\u0441\u043b\u043e\u0432\u0438\u044f, \u0430\u0441\u043f\u0438\u0440\u0430\u043d\u0442 \u041c\u043e\u0441\u043a\u043e\u0432\u0441\u043a\u043e\u0439 \u0434\u0443\u0445\u043e\u0432\u043d\u043e\u0439 \u0430\u043a\u0430\u0434\u0435\u043c\u0438\u0438, 141300, \u0421\u0435\u0440\u0433\u0438\u0435\u0432 \u041f\u043e\u0441\u0430\u0434, \u0422\u0440\u043e\u0438\u0446\u0435-\u0421\u0435\u0440\u0433\u0438\u0435\u0432\u0430 \u041b\u0430\u0432\u0440\u0430, \u0410\u043a\u0430\u0434\u0435\u043c\u0438\u044f, solorom@gmail.com \u0411\u043e\u0433\u043e\u0441\u043b\u043e\u0432\u0441\u043a\u0438\u0439 \u0432\u0435\u0441\u0442\u043d\u0438\u043a. 2019. \u0422. 33. \u2116 2. \u0421. 152-164. doi: 10.31802\/2500-1450-2019-33-152-164 \u0410\u043d\u043d\u043e\u0442\u0430\u0446\u0438\u044f\u0412 \u0441\u0442\u0430\u0442\u044c\u0435 \u0440\u0430\u0441\u0441\u043c\u0430\u0442\u0440\u0438\u0432\u0430\u0435\u0442\u0441\u044f \u043f\u0440\u043e\u0431\u043b\u0435\u043c\u0430 \u0434\u0430\u0442\u0438\u0440\u043e\u0432\u043a\u0438 \u0434\u0432\u0443\u0445 \u0434\u0438\u0430\u043b\u043e\u0433\u043e\u0432 \u041f\u043b\u0430\u0442\u043e\u043d\u0430: \u00ab\u0415\u0432\u0442\u0438\u0444\u0440\u043e\u043d\u0430\u00bb \u0438 \u00ab\u041f\u0440\u043e\u0442\u0430\u0433\u043e\u0440\u0430\u00bb, \u043a\u043e\u0442\u043e\u0440\u044b\u0435 \u0442\u0440\u0430\u0434\u0438\u0446\u0438\u043e\u043d\u043d\u043e \u043e\u0442\u043d\u043e\u0441\u044f\u0442\u0441\u044f \u043a \u0447\u0438\u0441\u043b\u0443 \u0440\u0430\u043d\u043d\u0438\u0445 \u043f\u0440\u043e\u0438\u0437\u0432\u0435\u0434\u0435\u043d\u0438\u0439 \u0430\u0432\u0442\u043e\u0440\u0430. \u041d\u0430 \u043e\u0441\u043d\u043e\u0432\u0430\u043d\u0438\u0438 \u0430\u043d\u0430\u043b\u0438\u0437\u0430 \u0436\u0430\u043d\u0440\u0430, \u0440\u0430\u0437\u043b\u0438\u0447\u0438\u044f \u043e\u0431\u0440\u0430\u0437\u0430 \u0421\u043e\u043a\u0440\u0430\u0442\u0430, \u043e\u0441\u043e\u0431\u0435\u043d\u043d\u043e\u0441\u0442\u0435\u0439 \u0442\u0440\u0430\u043a\u0442\u043e\u0432\u043a\u0438 \u043f\u043e\u043d\u044f\u0442\u0438\u044f \u00ab\u0431\u043b\u0430\u0433\u043e\u0447\u0435\u0441\u0442\u0438\u0435\u00bb, \u0430 \u0442\u0430\u043a\u0436\u0435 \u0441\u043e\u043f\u043e\u0441\u0442\u0430\u0432\u043b\u0435\u043d\u0438\u044f \u0441 \u0434\u0440\u0443\u0433\u0438\u043c\u0438 \u043f\u0440\u043e\u0438\u0437\u0432\u0435\u0434\u0435\u043d\u0438\u044f\u043c\u0438 \u043f\u043b\u0430\u0442\u043e\u043d\u043e\u0432\u0441\u043a\u043e\u0433\u043e \u043a\u043e\u0440\u043f\u0443\u0441\u0430 \u0430\u0432\u0442\u043e\u0440 \u043f\u0440\u0438\u0445\u043e\u0434\u0438\u0442 \u043a \u0432\u044b\u0432\u043e\u0434\u0443, \u0447\u0442\u043e \u0438\u0441\u0441\u043b\u0435\u0434\u0443\u0435\u043c\u044b\u0435 \u043f\u0440\u043e\u0438\u0437\u0432\u0435\u0434\u0435\u043d\u0438\u044f \u043d\u0435 \u043c\u043e\u0433\u043b\u0438 \u0431\u044b\u0442\u044c \u043d\u0430\u043f\u0438\u0441\u0430\u043d\u044b \u043e\u0434\u043d\u043e\u0432\u0440\u0435\u043c\u0435\u043d\u043d\u043e, \u0430 \u0438\u043c\u0435\u043d\u043d\u043e: \u00ab\u041f\u0440\u043e\u0442\u0430\u0433\u043e\u0440\u00bb \u043e\u0442\u043d\u043e\u0441\u0438\u0442\u0441\u044f \u043a \u0440\u0430\u043d\u043d\u0438\u043c \u043f\u0440\u043e\u0438\u0437\u0432\u0435\u0434\u0435\u043d\u0438\u044f\u043c \u041f\u043b\u0430\u0442\u043e\u043d\u0430, \u0430 \u00ab\u0415\u0432\u0442\u0438\u0444\u0440\u043e\u043d\u00bb, \u0432\u0435\u0440\u043e\u044f\u0442\u043d\u043e, \u044f\u0432\u043b\u044f\u0435\u0442\u0441\u044f \u043f\u043e\u0437\u0434\u043d\u0438\u043c \u043f\u0440\u043e\u0438\u0437\u0432\u0435\u0434\u0435\u043d\u0438\u0435\u043c \u043f\u043b\u0430\u0442\u043e\u043d\u043e\u0432\u0441\u043a\u043e\u0433\u043e \u043a\u043e\u0440\u043f\u0443\u0441\u0430. \u041a\u043b\u044e\u0447\u0435\u0432\u044b\u0435 \u0441\u043b\u043e\u0432\u0430: \u0434\u0440\u0435\u0432\u043d\u0435\u0433\u0440\u0435\u0447\u0435\u0441\u043a\u0430\u044f \u0444\u0438\u043b\u043e\u0441\u043e\u0444\u0438\u044f, \u0445\u0440\u043e\u043d\u043e\u043b\u043e\u0433\u0438\u044f \u0434\u0438\u0430\u043b\u043e\u0433\u043e\u0432 \u041f\u043b\u0430\u0442\u043e\u043d\u0430, \u0434\u0438\u0430\u043b\u043e\u0433&hellip;<\/p>\n","category_list_v2":"<a href=\"https:\/\/mpda.ru\/en\/category\/knigi\/\" rel=\"category tag\">\u041a\u043d\u0438\u0433\u0438<\/a>","author_info_v2":{"name":"","url":"https:\/\/mpda.ru\/en\/author\/"},"comments_num_v2":"0 comments","publishpress_future_action":{"enabled":false,"date":"2026-07-28 10:28:41","action":"change-status","newStatus":"private","terms":[],"taxonomy":"category","extraData":[]},"publishpress_future_workflow_manual_trigger":{"enabledWorkflows":[]},"_links":{"self":[{"href":"https:\/\/mpda.ru\/en\/wp-json\/wp\/v2\/pages\/5930","targetHints":{"allow":["GET"]}}],"collection":[{"href":"https:\/\/mpda.ru\/en\/wp-json\/wp\/v2\/pages"}],"about":[{"href":"https:\/\/mpda.ru\/en\/wp-json\/wp\/v2\/types\/page"}],"author":[{"embeddable":true,"href":"https:\/\/mpda.ru\/en\/wp-json\/wp\/v2\/users\/3"}],"replies":[{"embeddable":true,"href":"https:\/\/mpda.ru\/en\/wp-json\/wp\/v2\/comments?post=5930"}],"version-history":[{"count":1,"href":"https:\/\/mpda.ru\/en\/wp-json\/wp\/v2\/pages\/5930\/revisions"}],"predecessor-version":[{"id":14401,"href":"https:\/\/mpda.ru\/en\/wp-json\/wp\/v2\/pages\/5930\/revisions\/14401"}],"wp:attachment":[{"href":"https:\/\/mpda.ru\/en\/wp-json\/wp\/v2\/media?parent=5930"}],"wp:term":[{"taxonomy":"category","embeddable":true,"href":"https:\/\/mpda.ru\/en\/wp-json\/wp\/v2\/categories?post=5930"},{"taxonomy":"wf_page_folders","embeddable":true,"href":"https:\/\/mpda.ru\/en\/wp-json\/wp\/v2\/wf_page_folders?post=5930"}],"curies":[{"name":"wp","href":"https:\/\/api.w.org\/{rel}","templated":true}]}}