{"id":3241,"date":"2019-03-21T12:48:11","date_gmt":"2019-03-21T09:48:11","guid":{"rendered":"https:\/\/mpda.ru\/?page_id=3241"},"modified":"2020-11-12T10:11:23","modified_gmt":"2020-11-12T07:11:23","slug":"proizvedenie-blazhennogo-avgustina-zametki-na-knigu-iova-kak-literaturnyj-pamjatnik","status":"publish","type":"page","link":"https:\/\/mpda.ru\/en\/arhiv-statej-bv-32\/proizvedenie-blazhennogo-avgustina-zametki-na-knigu-iova-kak-literaturnyj-pamjatnik\/","title":{"rendered":"\u041f\u0440\u043e\u0438\u0437\u0432\u0435\u0434\u0435\u043d\u0438\u0435 \u0431\u043b\u0430\u0436\u0435\u043d\u043d\u043e\u0433\u043e \u0410\u0432\u0433\u0443\u0441\u0442\u0438\u043d\u0430 \u00ab\u0417\u0430\u043c\u0435\u0442\u043a\u0438 \u043d\u0430 \u043a\u043d\u0438\u0433\u0443 \u0418\u043e\u0432\u0430\u00bb \u043a\u0430\u043a \u043b\u0438\u0442\u0435\u0440\u0430\u0442\u0443\u0440\u043d\u044b\u0439 \u043f\u0430\u043c\u044f\u0442\u043d\u0438\u043a\ufeff"},"content":{"rendered":"<p><strong>\u041c\u0443\u0440\u0438\u043b\u043a\u0438\u043d \u041f\u0430\u0432\u0435\u043b \u0418\u0433\u043e\u0440\u0435\u0432\u0438\u0447<\/strong><br>\u043c\u0430\u0433\u0438\u0441\u0442\u0440 \u0431\u043e\u0433\u043e\u0441\u043b\u043e\u0432\u0438\u044f, \u041c\u043e\u0441\u043a\u043e\u0432\u0441\u043a\u0430\u044f \u0434\u0443\u0445\u043e\u0432\u043d\u0430\u044f \u0430\u043a\u0430\u0434\u0435\u043c\u0438\u044f, 141300, \u0421\u0435\u0440\u0433\u0438\u0435\u0432 \u041f\u043e\u0441\u0430\u0434, \u0422\u0440\u043e\u0438\u0446\u0435-\u0421\u0435\u0440\u0433\u0438\u0435\u0432\u0430 \u041b\u0430\u0432\u0440\u0430, \u0410\u043a\u0430\u0434\u0435\u043c\u0438\u044f, dzankhot@yandex.ru<br><\/p>\n\n\n\n<p>\u0411\u043e\u0433\u043e\u0441\u043b\u043e\u0432\u0441\u043a\u0438\u0439 \u0432\u0435\u0441\u0442\u043d\u0438\u043a. 2019. \u0422. 32. \u2116 1. \u0421. 141-153. <br>doi: 10.31802\/2500-1450-2019-32-141-153<br><\/p>\n\n\n\n<p><strong>\u0410\u043d\u043d\u043e\u0442\u0430\u0446\u0438\u044f<br><\/strong>\u0421\u0442\u0430\u0442\u044c\u044f \u043f\u043e\u0441\u0432\u044f\u0449\u0435\u043d\u0430 \u043a\u0440\u0430\u0442\u043a\u043e\u0439 \u0445\u0430\u0440\u0430\u043a\u0442\u0435\u0440\u0438\u0441\u0442\u0438\u043a\u0435 \u043c\u0430\u043b\u043e\u0438\u0437\u0432\u0435\u0441\u0442\u043d\u043e\u0433\u043e \u043f\u0440\u043e\u0438\u0437\u0432\u0435\u0434\u0435\u043d\u0438\u044f \u0431\u043b\u0436. \u0410\u0432\u0433\u0443\u0441\u0442\u0438\u043d\u0430 \u00ab\u0417\u0430\u043c\u0435\u0442\u043a\u0438 \u043d\u0430 \u043a\u043d\u0438\u0433\u0443 \u0418\u043e\u0432\u0430\u00bb \u043a\u0430\u043a \u043b\u0438\u0442\u0435\u0440\u0430\u0442\u0443\u0440\u043d\u043e\u0433\u043e \u043f\u0430\u043c\u044f\u0442\u043d\u0438\u043a\u0430. \u0422\u0440\u0443\u0434 \u043d\u0438\u043a\u043e\u0433\u0434\u0430 \u043d\u0435 \u0438\u0437\u0434\u0430\u0432\u0430\u043b\u0441\u044f \u043d\u0430 \u0440\u0443\u0441\u0441\u043a\u043e\u043c \u044f\u0437\u044b\u043a\u0435. \u0421\u0432\u0435\u0434\u0435\u043d\u0438\u044f \u043e \u043f\u0440\u043e\u0438\u0437\u0432\u0435\u0434\u0435\u043d\u0438\u0438 \u0432 \u0440\u0443\u0441\u0441\u043a\u043e\u044f\u0437\u044b\u0447\u043d\u043e\u0439 \u0438\u0441\u0441\u043b\u0435\u0434\u043e\u0432\u0430\u0442\u0435\u043b\u044c\u0441\u043a\u043e\u0439 \u043b\u0438\u0442\u0435\u0440\u0430\u0442\u0443\u0440\u0435 \u0432\u0435\u0441\u044c\u043c\u0430 \u0441\u043a\u0443\u0434\u043d\u044b \u0438 \u0441\u043e\u0434\u0435\u0440\u0436\u0430\u0442\u0441\u044f \u043f\u0440\u0435\u0438\u043c\u0443\u0449\u0435\u0441\u0442\u0432\u0435\u043d\u043d\u043e \u0432 \u0438\u043d\u043e\u0441\u0442\u0440\u0430\u043d\u043d\u044b\u0445 \u0438\u0437\u0434\u0430\u043d\u0438\u044f\u0445, \u0432 \u0442\u043e\u043c \u0447\u0438\u0441\u043b\u0435 \u043d\u0430 \u043b\u0430\u0442\u0438\u043d\u0441\u043a\u043e\u043c \u044f\u0437\u044b\u043a\u0435. \u0410\u0432\u0442\u043e\u0440\u043e\u043c \u0431\u044b\u043b\u0438 \u043f\u0440\u0438\u0432\u0435\u0434\u0435\u043d\u044b \u043e\u0441\u043d\u043e\u0432\u043d\u044b\u0435 \u0432\u0435\u0445\u0438 \u0441\u0432\u044f\u0442\u043e\u043e\u0442\u0435\u0447\u0435\u0441\u043a\u043e\u0439 \u044d\u043a\u0437\u0435\u0433\u0435\u0442\u0438\u043a\u0438 \u043a\u043d\u0438\u0433\u0438 \u0418\u043e\u0432\u0430 \u0432 \u0434\u0440\u0435\u0432\u043d\u043e\u0441\u0442\u0438, \u0438\u0441\u0442\u043e\u0440\u0438\u044f \u0438 \u043e\u0431\u0441\u0442\u043e\u044f\u0442\u0435\u043b\u044c\u0441\u0442\u0432\u0430 \u0441\u043e\u0437\u0434\u0430\u043d\u0438\u044f \u0431\u043b\u0436. \u0410\u0432\u0433\u0443\u0441\u0442\u0438\u043d\u043e\u043c \u00ab\u0417\u0430\u043c\u0435\u0442\u043e\u043a \u043d\u0430 \u043a\u043d\u0438\u0433\u0443 \u0418\u043e\u0432\u0430\u00bb, \u043a\u043e\u0442\u043e\u0440\u044b\u0435 \u0434\u043e\u0448\u043b\u0438 \u0434\u043e \u043d\u0430\u0448\u0438\u0445 \u0434\u043d\u0435\u0439 \u0432 \u0441\u0443\u0449\u0435\u0441\u0442\u0432\u0443\u044e\u0449\u0435\u043c \u0432\u0438\u0434\u0435.<br><\/p>\n\n\n\n<p><strong>\u041a\u043b\u044e\u0447\u0435\u0432\u044b\u0435 \u0441\u043b\u043e\u0432\u0430:<\/strong> \u0410\u0432\u0433\u0443\u0441\u0442\u0438\u043d, \u0418\u043e\u0432, \u041f\u0435\u043b\u0430\u0433\u0438\u0439, \u044d\u043a\u0437\u0435\u0433\u0435\u0442\u0438\u043a\u0430, \u043a\u043e\u043c\u043c\u0435\u043d\u0442\u0430\u0440\u0438\u0439, \u0442\u043e\u043b\u043a\u043e\u0432\u0430\u043d\u0438\u0435, \u0412\u0443\u043b\u044c\u0433\u0430\u0442\u0430, \u0441\u0442\u0430\u0440\u043e\u043b\u0430\u0442\u0438\u043d\u0441\u043a\u0438\u0439 \u0442\u0435\u043a\u0441\u0442, \u043a\u043e\u0434\u0435\u043a\u0441.<br><\/p>\n\n\n\n<p><strong>Bibliography<br>\u0418\u0441\u0442\u043e\u0447\u043d\u0438\u043a\u0438<br><\/strong>\u0411\u0438\u0431\u043b\u0438\u044f. \u041a\u043d\u0438\u0433\u0438 \u0421\u0432\u044f\u0449\u0435\u043d\u043d\u043e\u0433\u043e \u041f\u0438\u0441\u0430\u043d\u0438\u044f \u0412\u0435\u0442\u0445\u043e\u0433\u043e \u0438 \u041d\u043e\u0432\u043e\u0433\u043e \u0417\u0430\u0432\u0435\u0442\u0430. \u041c.: \u0420\u043e\u0441\u0441\u0438\u0439\u0441\u043a\u043e\u0435 \u0411\u0438\u0431\u043b\u0435\u0439\u0441\u043a\u043e\u0435 \u043e\u0431\u0449\u0435\u0441\u0442\u0432\u043e, 2005.<br><em>\u0410\u0432\u0433\u0443\u0441\u0442\u0438\u043d \u0418\u043f\u043f\u043e\u043d\u0441\u043a\u0438\u0439, \u0431\u043b\u0436.<\/em> \u041e \u0413\u0440\u0430\u0434\u0435 \u0411\u043e\u0436\u0438\u0435\u043c \/\/ \u0410\u0432\u0433\u0443\u0441\u0442\u0438\u043d \u0418\u043f\u043f\u043e\u043d\u0441\u043a\u0438\u0439, \u0431\u043b\u0436. \u0422\u0432\u043e\u0440\u0435\u043d\u0438\u044f: \u0432 4-\u0445 \u0442. \u0422. 4: \u041e \u0413\u0440\u0430\u0434\u0435 \u0411\u043e\u0436\u0438\u0435\u043c 14\u201222. \u0421\u041f\u0431.; \u041a.: \u0410\u043b\u0435\u0442\u0435\u0439\u044f \u2012 \u0423\u0446\u0438\u043c\u043c-\u043f\u0440\u0435\u0441\u0441, 1998.<br> Septuaginta Id est Vetus Testamentum graece iuxta LXX interpretes \/ ed. A. Rahlfs. Stuttgart; Deutsche Bibelgesellschaft, 1979.<br><em>Augustinus.<\/em> Adnotationes in Job \/\/ Augustinus. Quaestiones in Heptateuchum, Adnotationes in Job \/ ed., pref. J. Zycha. Praga; Vindobona; Lipsia, 1895. (CSEL; Vol. 28\/2).<br><em>Augustin Saint<\/em>. \u0152uvres completes. T. I. \/ direction de M. l&#8217;abb\u00e9 Raulx. Bar-Le-Duc: L. Gu\u00e9rin &amp; Cie, \u00c9diteurs, 1864.<br><em>Augustin Saint<\/em>. \u0152uvres compl\u00e8tes. T. VI: Sermons. Premi\u00e8re s\u00e9rie: Sermons d\u00e9tach\u00e9s sur l&#8217;Ancien Testament, les Evangiles et les Actes des Ap\u00f4tres \/ direction de M. l&#8217;abb\u00e9 Raulx. Bar-Le-Duc, 1866.<br><em>Augustin Saint.<\/em> \u0152uvres compl\u00e8tes. T. VII: Sermons. Suite de la premi\u00e8re s\u00e9rie: Sermons d\u00e9tach\u00e9s sur divers passages de l&#8217;\u00c9criture sainte. \u2013 Deuxi\u00e8me s\u00e9rie: Solennit\u00e9s et Pan\u00e9gyriques \/ direction de M. l&#8217;abb\u00e9 Raulx. Bar-Le-Duc: L. Gu\u00e9rin &amp; Cie, \u00c9diteurs, 1868.<br><em>Augustin Saint<\/em>. \u0152uvres compl\u00e8tes. T. VIII: Sermons. Sermons divers. Troisi\u00e8me s\u00e9rie. Solennit\u00e9s et pan\u00e9gyriques \/ direction de M. l&#8217;abb\u00e9 Raulx. Bar-Le-Duc: L. Gu\u00e9rin &amp; Cie, \u00c9diteurs, 1868.<br><br><strong>Literature<br> <\/strong>\u0411\u0438\u0431\u043b\u0435\u0439\u0441\u043a\u0438\u0435 \u043a\u043e\u043c\u043c\u0435\u043d\u0442\u0430\u0440\u0438\u0438 \u043e\u0442\u0446\u043e\u0432 \u0426\u0435\u0440\u043a\u0432\u0438 \u0438 \u0434\u0440\u0443\u0433\u0438\u0445 \u0430\u0432\u0442\u043e\u0440\u043e\u0432 I\u2013VIII \u0432\u0432.: \u0412\u0435\u0442\u0445\u0438\u0439 \u0417\u0430\u0432\u0435\u0442. \u0422. 6: \u041a\u043d\u0438\u0433\u0430 \u0418\u043e\u0432\u0430 \/ \u0440\u0435\u0434.: \u041c. \u0421\u0438\u043c\u043e\u043d\u044d\u0442\u0442\u0438, \u041c. \u041a\u043e\u043d\u0442\u0438, \u042e.&nbsp;\u041d. \u0412\u0430\u0440\u0437\u043e\u043d\u0438\u043d. \u0422\u0432\u0435\u0440\u044c: \u0413\u0435\u0440\u043c\u0435\u043d\u0435\u0432\u0442\u0438\u043a\u0430, 2007.<br> \u0418\u043e\u0432: \u0431\u0438\u043e\u0433\u0440\u0430\u0444\u0438\u0447\u0435\u0441\u043a\u0438\u0435 \u0441\u0432\u0435\u0434\u0435\u043d\u0438\u044f \u043e\u0431 \u0418\u043e\u0432\u0435 \/ \u0441\u043e\u0441\u0442. \u041d\u0435\u043a\u043b\u044e\u0434\u043e\u0432 \u041a.&nbsp;\u0412., \u041f\u0430\u043d\u0444\u0438\u043b\u043e\u0432 \u0424.&nbsp;\u041c., \u0420\u043e\u0437\u0438\u043d\u0441\u043a\u0430\u044f \u041c.&nbsp;\u041c., \u041c\u043e\u0438\u0441\u0435\u0435\u0432\u0430 \u0421.&nbsp;\u0410. \/\/ \u041f\u042d. \u0422. 25. 2010. \u0421. 246\u2012253.<br><em>\u041c\u0430\u043b\u043a\u043e\u0432 \u041f. \u042e.<\/em> \u0412\u043e\u0437\u043b\u044e\u0431\u0438\u0432\u0448\u0438\u0439 \u0425\u0440\u0438\u0441\u0442\u0430. \u0421\u0432\u044f\u0442\u043e\u043e\u0442\u0435\u0447\u0435\u0441\u043a\u0438\u0435 \u0442\u043e\u043b\u043a\u043e\u0432\u0430\u043d\u0438\u044f \u043d\u0430 \u043a\u043d\u0438\u0433\u0443 \u0418\u043e\u0432\u0430. \u041c.: \u0421\u0440\u0435\u0442\u0435\u043d\u0441\u043a\u0438\u0439 \u043c\u043e\u043d\u0430\u0441\u0442\u044b\u0440\u044c, 2014.<br><em>\u041d\u0435\u043a\u043b\u044e\u0434\u043e\u0432 \u041a. \u0412., \u0422\u043a\u0430\u0447\u0435\u043d\u043a\u043e \u0410. \u0410.<\/em> \u0418\u043e\u0432\u0430 \u043a\u043d\u0438\u0433\u0430: \u0440\u0435\u0446\u0435\u043f\u0446\u0438\u044f \u043a\u043d\u0438\u0433\u0438 \/\/ \u041f\u042d. \u0422. 25. 2010. \u0421.&nbsp;332\u2012340.<br><em>\u041f\u043e\u043f\u043e\u0432 \u0418. \u0412.<\/em> \u0422\u0440\u0443\u0434\u044b \u043f\u043e \u043f\u0430\u0442\u0440\u043e\u043b\u043e\u0433\u0438\u0438. \u0422. 2: \u041b\u0438\u0447\u043d\u043e\u0441\u0442\u044c \u0438 \u0443\u0447\u0435\u043d\u0438\u0435 \u0431\u043b\u0430\u0436\u0435\u043d\u043d\u043e\u0433\u043e \u0410\u0432\u0433\u0443\u0441\u0442\u0438\u043d\u0430. \u0421\u0435\u0440\u0433\u0438\u0435\u0432 \u041f\u043e\u0441\u0430\u0434: \u0421\u0432\u044f\u0442\u043e-\u0422\u0440\u043e\u0438\u0446\u043a\u0430\u044f \u0421\u0435\u0440\u0433\u0438\u0435\u0432\u0430 \u041b\u0430\u0432\u0440\u0430, 2005.<br><em>\u0421\u0442\u0435\u043f\u0430\u043d\u0446\u043e\u0432 \u0421.\u0410., \u0424\u043e\u043a\u0438\u043d \u0410. \u0420.<\/em> \u0410\u0432\u0433\u0443\u0441\u0442\u0438\u043d \u0410\u0432\u0440\u0435\u043b\u0438\u0439: \u0436\u0438\u0437\u043d\u044c; \u0441\u043e\u0447\u0438\u043d\u0435\u043d\u0438\u044f \/\/ \u041f\u042d. \u0422. 1. \u041c., 2010. \u0421.&nbsp;93\u201298.<br><em>\u0422\u043a\u0430\u0447\u0435\u0432 \u0415.\u0412.<\/em> \u041a\u0430\u0442\u0435\u043d\u044b \/\/ \u041f\u042d. \u0422. 31. 2013. \u0421.&nbsp;696\u2012750.<br><em>\u042e\u043d\u0433\u0435\u0440\u043e\u0432 \u041f.&nbsp;\u0410.<\/em> \u0412\u0432\u0435\u0434\u0435\u043d\u0438\u0435 \u0432 \u0412\u0435\u0442\u0445\u0438\u0439 \u0417\u0430\u0432\u0435\u0442: \u0427\u0430\u0441\u0442\u043d\u043e\u0435 \u0438\u0441\u0442\u043e\u0440\u0438\u043a\u043e-\u043a\u0440\u0438\u0442\u0438\u0447\u0435\u0441\u043a\u043e\u0435 \u0432\u0432\u0435\u0434\u0435\u043d\u0438\u0435 \u0432 \u0421\u0432\u044f\u0449\u0435\u043d\u043d\u044b\u0435 \u0412\u0435\u0442\u0445\u043e\u0437\u0430\u0432\u0435\u0442\u043d\u044b\u0435 \u043a\u043d\u0438\u0433\u0438. \u0412\u044b\u043f\u0443\u0441\u043a \u043f\u0435\u0440\u0432\u044b\u0439: \u041a\u043d\u0438\u0433\u0438 \u0437\u0430\u043a\u043e\u043d\u043e\u043f\u043e\u043b\u043e\u0436\u0438\u0442\u0435\u043b\u044c\u043d\u044b\u0435, \u0438\u0441\u0442\u043e\u0440\u0438\u0447\u0435\u0441\u043a\u0438\u0435 \u0438 \u0443\u0447\u0438\u0442\u0435\u043b\u044c\u043d\u044b\u0435. \u041a\u0430\u0437\u0430\u043d\u044c: [\u0431. \u0438.], 1907.<br> Die \u00e4lteren griechischen Katenen zum Buch Hiob \/ hrsg. U. Hagedorn, D. Hagedorn. B.; New York, 1994\u20122004. (PTS; Bd. 40, 48, 53, 59).<br><em>Folliet G<\/em>. Les trois sens possibles des mots confessio\/confiteri dans les Adnotationes in Job d&#8217;Augustin \/\/ Revue d&#8217;\u00e9tudes augustiniennes et patristiques. 2008. Vol. 54. P. 31\u201242.<br><em>Kannengiesser Ch<\/em>. Job chez P\u00e9res \/\/ DS. T. VIII. 2 partie. 1974. Col. 1218\u20121225.<br><em>Siquans A<\/em>. Augustinus (AT) \/\/ Das wissenschaftliche Bibellexikon im Internet (WiBiLex), M\u00e4rz (2013). [\u042d\u043b\u0435\u043a\u0442\u0440\u043e\u043d\u043d\u044b\u0439 \u0440\u0435\u0441\u0443\u0440\u0441]. W.: Universit\u00e4t Wien, 2013. URL: http:\/\/www.bibelwissenschaft.de\/stichwort\/16569 (\u0434\u0430\u0442\u0430 \u043e\u0431\u0440\u0430\u0449\u0435\u043d\u0438\u044f 26.12.2018).<br><em>Shteinhauser K. B<\/em>. Job Exegesis: The Pelagian Controversy \/\/ Augustine. Biblical Exegete \/ ed. Frederic Van Fleteren and Joseph C. Schnaubelt. New York, 2001. P. 299\u2012311.<br><em>Trenkler A., Warns G.-D<\/em>. Der Mittelteil des 1. Kapitels von Augustins Adnotationes In Iob \/\/ Vulgata in Dialogue. 2018. Vol. 2. P. 53\u201268.<br><\/p>\n\n\n\n<p style=\"text-align:center\"><strong>\u201cA Literary Analysis of a Work by St. Augustine \u2018A Commentary on the Book of Job\u2019\u201d<\/strong>.<br><\/p>\n\n\n\n<p><strong>Pavel I. Murilkin<em>. <\/em><\/strong>MA in Theology, Moscow Theological Academy, The Trinity Lavra of St. Sergios, Sergiev Posad 141300, Russia. dzankhot@yandex.ru<strong><em><br><\/em><\/strong><\/p>\n\n\n\n<p><em>Theological Herald<\/em>, vol. 32, no. 1, 2019, pp. 141-153. (In Russian)<br> doi: 10.31802\/2500-1450-2019-32-141-153 <br><\/p>\n\n\n\n<p><strong>Abstract<br><\/strong>The article is devoted to a brief description of a little-known work St. Augustine \u201cA commentary on the Book of Job\u201d as a literary work. The work has never been published in a Russian translation. Information about the work in Russian-language research literature is very scarce and is contained mainly in foreign publications, including Latin language sources. The A. presents the main milestones of the patristic exegesis of the book of Job in antiquity, the history and circumstances of the creation of St. Augustine\u2019s \u201cCommentary on the Book of Job\u201d, which have survived to our days in its present form.<br><\/p>\n\n\n\n<p><strong>Keywords:<\/strong> Augustine, Job, Pelagius, exegesis, commentary, interpretation, Vulgata, Old Latin text, code.<br><\/p>\n\n\n\n<p><strong>References<br><\/strong><em>Bibliia [The Bible]<\/em>. Moscow: Rossijskoe Biblejskoe obshchestvo, 2005. (in Russian)<br>Augustinus. <em>De Civitate Dei[City of God]<\/em>. Saint-Petersburg: Aleteia, 1998. (in  <br>Russian )<br> Folliet, G. \u201cLes trois sens possibles des mots confessio\/confiteri dans les Adnotationes in Job d&#8217;Augustin\u201d. <em>Revue d&#8217;\u00e9tudes augustiniennes et patristiques<\/em>, 2008, vol. 54, pp. 31\u201242.<br> Hagedorn, U., hrsg. <em>Die \u00e4lteren griechischen Katenen zum Buch Hiob [Ancient Greek Catena to the Book of Job]<\/em>, Berlin; New York, 1994\u20122004, TS; Bd. 40, 48, 53, 59.<br> Kannengiesser, Ch. \u201cJob chez P\u00e9res\u201d. <em>Dictionnaire de Spiritualit\u00e9. Asc\u00e9tique et Mystique doctrine et histoire [Dictionary of Spirituality. Ascetic and Mystical Doctrine and History],<\/em> vol. 2, Paris: Beauchesne, 1974, col. 1218\u20121225.<br> Malkov, P. <em>Vozliubivshi\u012d \u0425rista. Sviatootecheskie tolkovaniia na knigu Iova [Who loved Christ. Patristic Interpretations on the Book of Job]<\/em>. Moscow: Sretenski\u012d monastyr\u02b9, 2014. (In Russian)<br> Nekliudov, K., Tkachenko, A. \u201cIova kniga: retseptsiia knigi\u201d [The Book of Job: Perception of the Book]. <em>Pravoslavnaya enciklopediya [Orthodox encyclopedia],<\/em> vol. 25,<em> <\/em>2010, pp. 332\u2012340 (In Russian)<br> &#8212; \u201cIov: biograficheskie svedeniia ob Iove\u201d [Job: Biographical Information about Job]. <em>Pravoslavnaya enciklopediya [Orthodox encyclopedia], <\/em>vol. 25, 2010,pp. 246\u2012253 (In Russian)<br> Popov, I. <em>Trudy po patrologii[Patristic studies],<\/em> Vol. 2, Sergiev Posad: Sviato-Troitskaia Sergieva Lavra, 2005 (In Russian)<br> Rahlfs, A., ed. <em>Septuaginta Id est Vetus Testamentum graece iuxta LXX interpretes [The Interpreters of the Old Testament in Greek According to the Septuagint].<\/em> Stuttgart: Deutsche Bibelgesellschaft, 1979.<br> Simonehtti, M. et al., ed.<em> Bible\u012dskie kommentarii ottsov Tserkvi i drugikh avtorov I\u2013VIII vv.: Vetkhi\u012d Zavet<\/em>.<em> [Bible Commentaries by Church Fathers and Other Authors of the I\u2013VIII centuries: Old Testament].<\/em> Vol. 6, Tverj: Germenevtika, 2007. (In Russian)<br> Siquans, A. <em>Augustinus<\/em>. http:\/\/www.bibelwissenschaft.de\/stichwort\/16569.<br> Shteinhauser, K. \u201cJob Exegesis: The Pelagian Controversy\u201d. <em>Augustine. Biblical Exegete<\/em>, New York, 2001, pp. 299\u2012311.<br> Stepancov, S., Fokin, A. \u201cAvgustin Avrelij\u201d. <em>Pravoslavnaia \u0117ntsiklopediia [Orthodox encyclopedia], <\/em>vol. 1, Moscow, 2010, pp. 93\u201298 (In Russian)<br> Tkachev, E. \u201cKateny\u201d. <em>Pravoslavnaia \u0117ntsiklopediia [Orthodox encyclopedia]. <\/em>Vol. 31, 2013, pp. 696\u2012750 (In Russian)<br> Trenkler, A., Warns, G.-D. \u201cDer Mittelteil des 1. Kapitels von Augustins Adnotationes In Iob\u201d. <em>Vulgata in Dialogue<\/em>, vol. 2, 2018, pp. 53\u201268.<br><br><\/p>","protected":false},"excerpt":{"rendered":"<p>\u041c\u0443\u0440\u0438\u043b\u043a\u0438\u043d \u041f\u0430\u0432\u0435\u043b \u0418\u0433\u043e\u0440\u0435\u0432\u0438\u0447\u043c\u0430\u0433\u0438\u0441\u0442\u0440 \u0431\u043e\u0433\u043e\u0441\u043b\u043e\u0432\u0438\u044f, \u041c\u043e\u0441\u043a\u043e\u0432\u0441\u043a\u0430\u044f \u0434\u0443\u0445\u043e\u0432\u043d\u0430\u044f \u0430\u043a\u0430\u0434\u0435\u043c\u0438\u044f, 141300, \u0421\u0435\u0440\u0433\u0438\u0435\u0432 \u041f\u043e\u0441\u0430\u0434, \u0422\u0440\u043e\u0438\u0446\u0435-\u0421\u0435\u0440\u0433\u0438\u0435\u0432\u0430 \u041b\u0430\u0432\u0440\u0430, \u0410\u043a\u0430\u0434\u0435\u043c\u0438\u044f, dzankhot@yandex.ru \u0411\u043e\u0433\u043e\u0441\u043b\u043e\u0432\u0441\u043a\u0438\u0439 \u0432\u0435\u0441\u0442\u043d\u0438\u043a. 2019. \u0422. 32. \u2116 1. \u0421. 141-153. doi: 10.31802\/2500-1450-2019-32-141-153 \u0410\u043d\u043d\u043e\u0442\u0430\u0446\u0438\u044f\u0421\u0442\u0430\u0442\u044c\u044f \u043f\u043e\u0441\u0432\u044f\u0449\u0435\u043d\u0430 \u043a\u0440\u0430\u0442\u043a\u043e\u0439 \u0445\u0430\u0440\u0430\u043a\u0442\u0435\u0440\u0438\u0441\u0442\u0438\u043a\u0435 \u043c\u0430\u043b\u043e\u0438\u0437\u0432\u0435\u0441\u0442\u043d\u043e\u0433\u043e \u043f\u0440\u043e\u0438\u0437\u0432\u0435\u0434\u0435\u043d\u0438\u044f \u0431\u043b\u0436. \u0410\u0432\u0433\u0443\u0441\u0442\u0438\u043d\u0430 \u00ab\u0417\u0430\u043c\u0435\u0442\u043a\u0438 \u043d\u0430 \u043a\u043d\u0438\u0433\u0443 \u0418\u043e\u0432\u0430\u00bb \u043a\u0430\u043a \u043b\u0438\u0442\u0435\u0440\u0430\u0442\u0443\u0440\u043d\u043e\u0433\u043e \u043f\u0430\u043c\u044f\u0442\u043d\u0438\u043a\u0430. \u0422\u0440\u0443\u0434 \u043d\u0438\u043a\u043e\u0433\u0434\u0430 \u043d\u0435 \u0438\u0437\u0434\u0430\u0432\u0430\u043b\u0441\u044f \u043d\u0430 \u0440\u0443\u0441\u0441\u043a\u043e\u043c \u044f\u0437\u044b\u043a\u0435. \u0421\u0432\u0435\u0434\u0435\u043d\u0438\u044f \u043e \u043f\u0440\u043e\u0438\u0437\u0432\u0435\u0434\u0435\u043d\u0438\u0438 \u0432 \u0440\u0443\u0441\u0441\u043a\u043e\u044f\u0437\u044b\u0447\u043d\u043e\u0439 \u0438\u0441\u0441\u043b\u0435\u0434\u043e\u0432\u0430\u0442\u0435\u043b\u044c\u0441\u043a\u043e\u0439 \u043b\u0438\u0442\u0435\u0440\u0430\u0442\u0443\u0440\u0435 \u0432\u0435\u0441\u044c\u043c\u0430 [&hellip;]<\/p>","protected":false},"author":3,"featured_media":0,"parent":3213,"menu_order":0,"comment_status":"closed","ping_status":"closed","template":"","meta":{"_acf_changed":false,"footnotes":""},"categories":[71],"wf_page_folders":[],"class_list":["post-3241","page","type-page","status-publish","hentry","category-knigi"],"acf":[],"featured_image_urls_v2":{"full":"","thumbnail":"","medium":"","medium_large":"","large":"","1536x1536":"","2048x2048":"","trp-custom-language-flag":""},"post_excerpt_stackable_v2":"<p>\u041c\u0443\u0440\u0438\u043b\u043a\u0438\u043d \u041f\u0430\u0432\u0435\u043b \u0418\u0433\u043e\u0440\u0435\u0432\u0438\u0447\u043c\u0430\u0433\u0438\u0441\u0442\u0440 \u0431\u043e\u0433\u043e\u0441\u043b\u043e\u0432\u0438\u044f, \u041c\u043e\u0441\u043a\u043e\u0432\u0441\u043a\u0430\u044f \u0434\u0443\u0445\u043e\u0432\u043d\u0430\u044f \u0430\u043a\u0430\u0434\u0435\u043c\u0438\u044f, 141300, \u0421\u0435\u0440\u0433\u0438\u0435\u0432 \u041f\u043e\u0441\u0430\u0434, \u0422\u0440\u043e\u0438\u0446\u0435-\u0421\u0435\u0440\u0433\u0438\u0435\u0432\u0430 \u041b\u0430\u0432\u0440\u0430, \u0410\u043a\u0430\u0434\u0435\u043c\u0438\u044f, dzankhot@yandex.ru \u0411\u043e\u0433\u043e\u0441\u043b\u043e\u0432\u0441\u043a\u0438\u0439 \u0432\u0435\u0441\u0442\u043d\u0438\u043a. 2019. \u0422. 32. \u2116 1. \u0421. 141-153. doi: 10.31802\/2500-1450-2019-32-141-153 \u0410\u043d\u043d\u043e\u0442\u0430\u0446\u0438\u044f\u0421\u0442\u0430\u0442\u044c\u044f \u043f\u043e\u0441\u0432\u044f\u0449\u0435\u043d\u0430 \u043a\u0440\u0430\u0442\u043a\u043e\u0439 \u0445\u0430\u0440\u0430\u043a\u0442\u0435\u0440\u0438\u0441\u0442\u0438\u043a\u0435 \u043c\u0430\u043b\u043e\u0438\u0437\u0432\u0435\u0441\u0442\u043d\u043e\u0433\u043e \u043f\u0440\u043e\u0438\u0437\u0432\u0435\u0434\u0435\u043d\u0438\u044f \u0431\u043b\u0436. \u0410\u0432\u0433\u0443\u0441\u0442\u0438\u043d\u0430 \u00ab\u0417\u0430\u043c\u0435\u0442\u043a\u0438 \u043d\u0430 \u043a\u043d\u0438\u0433\u0443 \u0418\u043e\u0432\u0430\u00bb \u043a\u0430\u043a \u043b\u0438\u0442\u0435\u0440\u0430\u0442\u0443\u0440\u043d\u043e\u0433\u043e \u043f\u0430\u043c\u044f\u0442\u043d\u0438\u043a\u0430. \u0422\u0440\u0443\u0434 \u043d\u0438\u043a\u043e\u0433\u0434\u0430 \u043d\u0435 \u0438\u0437\u0434\u0430\u0432\u0430\u043b\u0441\u044f \u043d\u0430 \u0440\u0443\u0441\u0441\u043a\u043e\u043c \u044f\u0437\u044b\u043a\u0435. \u0421\u0432\u0435\u0434\u0435\u043d\u0438\u044f \u043e \u043f\u0440\u043e\u0438\u0437\u0432\u0435\u0434\u0435\u043d\u0438\u0438 \u0432 \u0440\u0443\u0441\u0441\u043a\u043e\u044f\u0437\u044b\u0447\u043d\u043e\u0439 \u0438\u0441\u0441\u043b\u0435\u0434\u043e\u0432\u0430\u0442\u0435\u043b\u044c\u0441\u043a\u043e\u0439 \u043b\u0438\u0442\u0435\u0440\u0430\u0442\u0443\u0440\u0435 \u0432\u0435\u0441\u044c\u043c\u0430 \u0441\u043a\u0443\u0434\u043d\u044b \u0438 \u0441\u043e\u0434\u0435\u0440\u0436\u0430\u0442\u0441\u044f \u043f\u0440\u0435\u0438\u043c\u0443\u0449\u0435\u0441\u0442\u0432\u0435\u043d\u043d\u043e \u0432 \u0438\u043d\u043e\u0441\u0442\u0440\u0430\u043d\u043d\u044b\u0445 \u0438\u0437\u0434\u0430\u043d\u0438\u044f\u0445, \u0432 \u0442\u043e\u043c \u0447\u0438\u0441\u043b\u0435 \u043d\u0430 \u043b\u0430\u0442\u0438\u043d\u0441\u043a\u043e\u043c \u044f\u0437\u044b\u043a\u0435. \u0410\u0432\u0442\u043e\u0440\u043e\u043c \u0431\u044b\u043b\u0438 \u043f\u0440\u0438\u0432\u0435\u0434\u0435\u043d\u044b \u043e\u0441\u043d\u043e\u0432\u043d\u044b\u0435 \u0432\u0435\u0445\u0438 \u0441\u0432\u044f\u0442\u043e\u043e\u0442\u0435\u0447\u0435\u0441\u043a\u043e\u0439 \u044d\u043a\u0437\u0435\u0433\u0435\u0442\u0438\u043a\u0438 \u043a\u043d\u0438\u0433\u0438 \u0418\u043e\u0432\u0430 \u0432 \u0434\u0440\u0435\u0432\u043d\u043e\u0441\u0442\u0438, \u0438\u0441\u0442\u043e\u0440\u0438\u044f \u0438 \u043e\u0431\u0441\u0442\u043e\u044f\u0442\u0435\u043b\u044c\u0441\u0442\u0432\u0430 \u0441\u043e\u0437\u0434\u0430\u043d\u0438\u044f \u0431\u043b\u0436. \u0410\u0432\u0433\u0443\u0441\u0442\u0438\u043d\u043e\u043c \u00ab\u0417\u0430\u043c\u0435\u0442\u043e\u043a \u043d\u0430 \u043a\u043d\u0438\u0433\u0443 \u0418\u043e\u0432\u0430\u00bb, \u043a\u043e\u0442\u043e\u0440\u044b\u0435 \u0434\u043e\u0448\u043b\u0438 \u0434\u043e \u043d\u0430\u0448\u0438\u0445 \u0434\u043d\u0435\u0439 \u0432 \u0441\u0443\u0449\u0435\u0441\u0442\u0432\u0443\u044e\u0449\u0435\u043c \u0432\u0438\u0434\u0435. \u041a\u043b\u044e\u0447\u0435\u0432\u044b\u0435 \u0441\u043b\u043e\u0432\u0430: \u0410\u0432\u0433\u0443\u0441\u0442\u0438\u043d,&hellip;<\/p>\n","category_list_v2":"<a href=\"https:\/\/mpda.ru\/en\/category\/knigi\/\" rel=\"category tag\">\u041a\u043d\u0438\u0433\u0438<\/a>","author_info_v2":{"name":"","url":"https:\/\/mpda.ru\/en\/author\/"},"comments_num_v2":"0 comments","publishpress_future_action":{"enabled":false,"date":"2026-07-18 16:00:52","action":"change-status","newStatus":"private","terms":[],"taxonomy":"category","extraData":[]},"publishpress_future_workflow_manual_trigger":{"enabledWorkflows":[]},"_links":{"self":[{"href":"https:\/\/mpda.ru\/en\/wp-json\/wp\/v2\/pages\/3241","targetHints":{"allow":["GET"]}}],"collection":[{"href":"https:\/\/mpda.ru\/en\/wp-json\/wp\/v2\/pages"}],"about":[{"href":"https:\/\/mpda.ru\/en\/wp-json\/wp\/v2\/types\/page"}],"author":[{"embeddable":true,"href":"https:\/\/mpda.ru\/en\/wp-json\/wp\/v2\/users\/3"}],"replies":[{"embeddable":true,"href":"https:\/\/mpda.ru\/en\/wp-json\/wp\/v2\/comments?post=3241"}],"version-history":[{"count":1,"href":"https:\/\/mpda.ru\/en\/wp-json\/wp\/v2\/pages\/3241\/revisions"}],"predecessor-version":[{"id":14368,"href":"https:\/\/mpda.ru\/en\/wp-json\/wp\/v2\/pages\/3241\/revisions\/14368"}],"up":[{"embeddable":true,"href":"https:\/\/mpda.ru\/en\/wp-json\/wp\/v2\/pages\/3213"}],"wp:attachment":[{"href":"https:\/\/mpda.ru\/en\/wp-json\/wp\/v2\/media?parent=3241"}],"wp:term":[{"taxonomy":"category","embeddable":true,"href":"https:\/\/mpda.ru\/en\/wp-json\/wp\/v2\/categories?post=3241"},{"taxonomy":"wf_page_folders","embeddable":true,"href":"https:\/\/mpda.ru\/en\/wp-json\/wp\/v2\/wf_page_folders?post=3241"}],"curies":[{"name":"wp","href":"https:\/\/api.w.org\/{rel}","templated":true}]}}