{"id":7405,"date":"2019-08-28T17:34:44","date_gmt":"2019-08-28T14:34:44","guid":{"rendered":"https:\/\/mpda.ru\/?page_id=7405"},"modified":"2020-11-12T10:42:07","modified_gmt":"2020-11-12T07:42:07","slug":"rec-na-necvetaev-d-prot-zhizn-drevnej-karfagenskoj-cerkvi-v-rimskij-period-m-art-volhonka-2018-272-s-il-isbn-978-5-906848-36-9","status":"publish","type":"page","link":"https:\/\/mpda.ru\/el\/rec-na-necvetaev-d-prot-zhizn-drevnej-karfagenskoj-cerkvi-v-rimskij-period-m-art-volhonka-2018-272-s-il-isbn-978-5-906848-36-9\/","title":{"rendered":"\u0420\u0435\u0446. \u043d\u0430: \u041d\u0435\u0446\u0432\u0435\u0442\u0430\u0435\u0432 \u0414., \u043f\u0440\u043e\u0442. \u0416\u0438\u0437\u043d\u044c \u0414\u0440\u0435\u0432\u043d\u0435\u0439 \u041a\u0430\u0440\u0444\u0430\u0433\u0435\u043d\u0441\u043a\u043e\u0439 \u0426\u0435\u0440\u043a\u0432\u0438 \u0432 \u0420\u0438\u043c\u0441\u043a\u0438\u0439 \u043f\u0435\u0440\u0438\u043e\u0434. \u041c.: \u0410\u0440\u0442 \u0412\u043e\u043b\u0445\u043e\u043d\u043a\u0430, 2018. 272 \u0441., \u0438\u043b. ISBN 978-5-906848-36-9"},"content":{"rendered":"<p><strong>\u0421\u0432\u044f\u0449\u0435\u043d\u043d\u0438\u043a \u0418\u043e\u0430\u043d\u043d \u041a\u0435\u0447\u043a\u0438\u043d<\/strong><\/p>\n\n\n\n<p><strong>\u0392\u03b9\u03b2\u03bb\u03b9\u03bf\u03b3\u03c1\u03b1\u03c6\u03af\u03b1<\/strong><\/p>\n\n\n\n<p><em>\u0424\u043e\u043a\u0438\u043d \u0410. \u0420.<\/em> \u041a\u0438\u043f\u0440\u0438\u0430\u043d \u041a\u0430\u0440\u0444\u0430\u0433\u0435\u043d\u0441\u043a\u0438\u0439 \/\/ \u041f\u042d. \u041c.: \u0426\u041d\u0426 \u00ab\u041f\u0440\u0430\u0432\u043e\u0441\u043b\u0430\u0432\u043d\u0430\u044f\n\u044d\u043d\u0446\u0438\u043a\u043b\u043e\u043f\u0435\u0434\u0438\u044f\u00bb, 2013. \u0422. 33. \u0421. 658\u2013676.<\/p>\n\n\n\n<p><em>Audollent A. <\/em>Carthage romaine: 146 avant\nJ\u00e9sus-Christ \u2014 698 apr\u00e8s J\u00e9sus-Christ. Paris: Albert Fontemoing, 1901.<\/p>\n\n\n\n<p><em>Ferron P.<\/em><em> <\/em><em>J.,\nLapeyre P.<\/em><em> <\/em><em>G. <\/em>Carthage chr\u00e9tienne\/\/ Dictionnaire\nd&#8217;histoire et de g\u00e9ographie eccl\u00e9siastiques. Paris: Letouzey et An\u00e9, 1949. Vol.\n11. Col.1229\u20131233.<\/p>\n\n\n\n<p>\u0422\u0435\u0440\u0442\u0443\u043b\u043b\u0438\u0430\u043d \/\/ \u041e\u0442\u0446\u044b \u0438 \u0443\u0447\u0438\u0442\u0435\u043b\u0438 \u0446\u0435\u0440\u043a\u0432\u0438 III \u0432\u0435\u043a\u0430: \u0430\u043d\u0442\u043e\u043b\u043e\u0433\u0438\u044f \/ \u0441\u043e\u0441\u0442., \u0431\u0438\u043e\u0433\u0440. \u0438 \u0431\u0438\u0431\u043b\u0438\u043e\u0433\u0440. \u0441\u0442. \u0438\u0435\u0440\u043e\u043c\u043e\u043d. \u0418\u043b\u0430\u0440\u0438\u043e\u043d\u0430\n(\u0410\u043b\u0444\u0435\u0435\u0432\u0430). \u041c.: \u041b\u0438\u0431\u0440\u0438\u0441, 1996. T. 1. \u0421. 300\u2013312.<\/p>","protected":false},"excerpt":{"rendered":"<p>\u0421\u0432\u044f\u0449\u0435\u043d\u043d\u0438\u043a \u0418\u043e\u0430\u043d\u043d \u041a\u0435\u0447\u043a\u0438\u043d \u0411\u0438\u0431\u043b\u0438\u043e\u0433\u0440\u0430\u0444\u0438\u044f \u0424\u043e\u043a\u0438\u043d \u0410. \u0420. \u041a\u0438\u043f\u0440\u0438\u0430\u043d \u041a\u0430\u0440\u0444\u0430\u0433\u0435\u043d\u0441\u043a\u0438\u0439 \/\/ \u041f\u042d. \u041c.: \u0426\u041d\u0426 \u00ab\u041f\u0440\u0430\u0432\u043e\u0441\u043b\u0430\u0432\u043d\u0430\u044f \u044d\u043d\u0446\u0438\u043a\u043b\u043e\u043f\u0435\u0434\u0438\u044f\u00bb, 2013. \u0422. 33. \u0421. 658\u2013676. Audollent A. Carthage romaine: 146 avant J\u00e9sus-Christ \u2014 698 apr\u00e8s J\u00e9sus-Christ. Paris: Albert Fontemoing, 1901. Ferron P. J., Lapeyre P. G. Carthage chr\u00e9tienne\/\/ Dictionnaire d&#8217;histoire et de g\u00e9ographie eccl\u00e9siastiques. Paris: Letouzey et An\u00e9, 1949. Vol. [&hellip;]<\/p>","protected":false},"author":3,"featured_media":0,"parent":0,"menu_order":0,"comment_status":"closed","ping_status":"closed","template":"","meta":{"_acf_changed":false,"footnotes":""},"categories":[71],"wf_page_folders":[],"class_list":["post-7405","page","type-page","status-publish","hentry","category-knigi"],"acf":[],"featured_image_urls_v2":{"full":"","thumbnail":"","medium":"","medium_large":"","large":"","1536x1536":"","2048x2048":"","trp-custom-language-flag":""},"post_excerpt_stackable_v2":"<p>\u0421\u0432\u044f\u0449\u0435\u043d\u043d\u0438\u043a \u0418\u043e\u0430\u043d\u043d \u041a\u0435\u0447\u043a\u0438\u043d \u0411\u0438\u0431\u043b\u0438\u043e\u0433\u0440\u0430\u0444\u0438\u044f \u0424\u043e\u043a\u0438\u043d \u0410. \u0420. \u041a\u0438\u043f\u0440\u0438\u0430\u043d \u041a\u0430\u0440\u0444\u0430\u0433\u0435\u043d\u0441\u043a\u0438\u0439 \/\/ \u041f\u042d. \u041c.: \u0426\u041d\u0426 \u00ab\u041f\u0440\u0430\u0432\u043e\u0441\u043b\u0430\u0432\u043d\u0430\u044f \u044d\u043d\u0446\u0438\u043a\u043b\u043e\u043f\u0435\u0434\u0438\u044f\u00bb, 2013. \u0422. 33. \u0421. 658\u2013676. Audollent A. Carthage romaine: 146 avant J\u00e9sus-Christ \u2014 698 apr\u00e8s J\u00e9sus-Christ. Paris: Albert Fontemoing, 1901. Ferron P. J., Lapeyre P. G. Carthage chr\u00e9tienne\/\/ Dictionnaire d&#8217;histoire et de g\u00e9ographie eccl\u00e9siastiques. Paris: Letouzey et An\u00e9, 1949. Vol. 11. Col.1229\u20131233. \u0422\u0435\u0440\u0442\u0443\u043b\u043b\u0438\u0430\u043d \/\/ \u041e\u0442\u0446\u044b \u0438 \u0443\u0447\u0438\u0442\u0435\u043b\u0438 \u0446\u0435\u0440\u043a\u0432\u0438 III \u0432\u0435\u043a\u0430: \u0430\u043d\u0442\u043e\u043b\u043e\u0433\u0438\u044f \/ \u0441\u043e\u0441\u0442., \u0431\u0438\u043e\u0433\u0440. \u0438 \u0431\u0438\u0431\u043b\u0438\u043e\u0433\u0440. \u0441\u0442. \u0438\u0435\u0440\u043e\u043c\u043e\u043d. \u0418\u043b\u0430\u0440\u0438\u043e\u043d\u0430 (\u0410\u043b\u0444\u0435\u0435\u0432\u0430). \u041c.: \u041b\u0438\u0431\u0440\u0438\u0441, 1996. T. 1. \u0421. 300\u2013312.<\/p>\n","category_list_v2":"<a href=\"https:\/\/mpda.ru\/el\/category\/knigi\/\" rel=\"category tag\">\u041a\u043d\u0438\u0433\u0438<\/a>","author_info_v2":{"name":"","url":"https:\/\/mpda.ru\/el\/author\/"},"comments_num_v2":"0 comments","publishpress_future_action":{"enabled":false,"date":"2026-07-16 00:15:18","action":"change-status","newStatus":"private","terms":[],"taxonomy":"category","extraData":[]},"publishpress_future_workflow_manual_trigger":{"enabledWorkflows":[]},"_links":{"self":[{"href":"https:\/\/mpda.ru\/el\/wp-json\/wp\/v2\/pages\/7405","targetHints":{"allow":["GET"]}}],"collection":[{"href":"https:\/\/mpda.ru\/el\/wp-json\/wp\/v2\/pages"}],"about":[{"href":"https:\/\/mpda.ru\/el\/wp-json\/wp\/v2\/types\/page"}],"author":[{"embeddable":true,"href":"https:\/\/mpda.ru\/el\/wp-json\/wp\/v2\/users\/3"}],"replies":[{"embeddable":true,"href":"https:\/\/mpda.ru\/el\/wp-json\/wp\/v2\/comments?post=7405"}],"version-history":[{"count":1,"href":"https:\/\/mpda.ru\/el\/wp-json\/wp\/v2\/pages\/7405\/revisions"}],"predecessor-version":[{"id":14406,"href":"https:\/\/mpda.ru\/el\/wp-json\/wp\/v2\/pages\/7405\/revisions\/14406"}],"wp:attachment":[{"href":"https:\/\/mpda.ru\/el\/wp-json\/wp\/v2\/media?parent=7405"}],"wp:term":[{"taxonomy":"category","embeddable":true,"href":"https:\/\/mpda.ru\/el\/wp-json\/wp\/v2\/categories?post=7405"},{"taxonomy":"wf_page_folders","embeddable":true,"href":"https:\/\/mpda.ru\/el\/wp-json\/wp\/v2\/wf_page_folders?post=7405"}],"curies":[{"name":"wp","href":"https:\/\/api.w.org\/{rel}","templated":true}]}}