{"id":5534,"date":"2019-05-21T17:55:22","date_gmt":"2019-05-21T14:55:22","guid":{"rendered":"https:\/\/mpda.ru\/?page_id=5534"},"modified":"2020-11-12T10:39:40","modified_gmt":"2020-11-12T07:39:40","slug":"ivan-ilin-byt-vernym-rossii-k-1030-letiju-kreshhenija-rusi","status":"publish","type":"page","link":"https:\/\/mpda.ru\/el\/voprosy-bogoslovija-1\/ivan-ilin-byt-vernym-rossii-k-1030-letiju-kreshhenija-rusi\/","title":{"rendered":"\u0418\u0432\u0430\u043d \u0418\u043b\u044c\u0438\u043d: \u0411\u044b\u0442\u044c \u0432\u0435\u0440\u043d\u044b\u043c \u0420\u043e\u0441\u0441\u0438\u0438 (\u041a 1030-\u043b\u0435\u0442\u0438\u044e \u041a\u0440\u0435\u0449\u0435\u043d\u0438\u044f \u0420\u0443\u0441\u0438)"},"content":{"rendered":"<p><strong>\u041c\u0438\u0445\u0430\u0438\u043b \u0421\u0442\u0435\u043f\u0430\u043d\u043e\u0432\u0438\u0447 \u0418\u0432\u0430\u043d\u043e\u0432 <\/strong><br>\u0414\u043e\u043a\u0442\u043e\u0440 \u0431\u043e\u0433\u043e\u0441\u043b\u043e\u0432\u0438\u044f<strong>, <\/strong>\u0437\u0430\u0441\u043b\u0443\u0436\u0435\u043d\u043d\u044b\u0439 \u043f\u0440\u043e\u0444\u0435\u0441\u0441\u043e\u0440 \u041c\u043e\u0441\u043a\u043e\u0432\u0441\u043a\u043e\u0439 \u0434\u0443\u0445\u043e\u0432\u043d\u043e\u0439 \u0430\u043a\u0430\u0434\u0435\u043c\u0438\u0438<strong>, <\/strong>141300, \u0421\u0435\u0440\u0433\u0438\u0435\u0432 \u041f\u043e\u0441\u0430\u0434, \u0422\u0440\u043e\u0438\u0446\u0435-\u0421\u0435\u0440\u0433\u0438\u0435\u0432\u0430 \u041b\u0430\u0432\u0440\u0430, \u0410\u043a\u0430\u0434\u0435\u043c\u0438\u044f<strong>, <\/strong>mpda@yandex.ru<\/p>\n\n\n\n<p>\u0412\u043e\u043f\u0440\u043e\u0441\u044b \u0431\u043e\u0433\u043e\u0441\u043b\u043e\u0432\u0438\u044f. 2019. \u0422.&nbsp;1. \u2116&nbsp;1. \u0421. 96-107<\/p>\n\n\n\n<p>doi:  10.31802\/2658-7491-2019-1-1-96-107 <\/p>\n\n\n\n<p><strong>\u0410\u043d\u043d\u043e\u0442\u0430\u0446\u0438\u044f<\/strong> <br>\u0421\u0442\u0430\u0442\u044c\u044f \u043f\u0440\u0438\u0443\u0440\u043e\u0447\u0435\u043d\u0430 \u043a 1030-\u043b\u0435\u0442\u0438\u044e \u041a\u0440\u0435\u0449\u0435\u043d\u0438\u044f \u0420\u0443\u0441\u0438. \u0413\u043b\u0443\u0431\u043e\u043a\u0438\u0435 \u0438 \u043f\u0440\u043e\u043d\u0438\u043a\u043d\u043e\u0432\u0435\u043d\u043d\u044b\u0435 \u0440\u0430\u0437\u043c\u044b\u0448\u043b\u0435\u043d\u0438\u044f \u043e \u0436\u0438\u0437\u043d\u0438 \u0438 \u0441\u0443\u0434\u044c\u0431\u0435 \u0440\u0443\u0441\u0441\u043a\u043e\u0433\u043e \u043d\u0430\u0440\u043e\u0434\u0430 \u0438 \u0435\u0433\u043e \u0420\u043e\u0434\u0438\u043d\u0435, \u0437\u0430\u043f\u0435\u0447\u0430\u0442\u043b\u0451\u043d\u043d\u044b\u0445 \u0431\u043b\u0430\u0433\u043e\u0434\u0430\u0442\u044c\u044e \u0441\u0432\u044f\u0442\u043e\u0433\u043e \u041a\u0440\u0435\u0449\u0435\u043d\u0438\u044f, \u043c\u044b \u043d\u0430\u0445\u043e\u0434\u0438\u043c \u0443 \u0438\u0437\u0432\u0435\u0441\u0442\u043d\u043e\u0433\u043e \u0440\u0443\u0441\u0441\u043a\u043e\u0433\u043e \u0444\u0438\u043b\u043e\u0441\u043e\u0444\u0430 \u0438 \u043e\u0431\u0449\u0435\u0441\u0442\u0432\u0435\u043d\u043d\u043e\u0433\u043e \u0434\u0435\u044f\u0442\u0435\u043b\u044f \u0418\u0432\u0430\u043d\u0430 \u0418\u043b\u044c\u0438\u043d\u0430. \u041e\u0431\u0440\u0430\u0449\u0430\u0435\u0442 \u043d\u0430 \u0441\u0435\u0431\u044f \u0432\u043d\u0438\u043c\u0430\u043d\u0438\u0435 \u0442\u043e, \u0447\u0442\u043e \u0418\u043b\u044c\u0438\u043d \u043f\u0440\u0438\u0437\u044b\u0432\u0430\u0435\u0442 \u0440\u0430\u0441\u0441\u043c\u0430\u0442\u0440\u0438\u0432\u0430\u0442\u044c \u043f\u043e\u0441\u043b\u0435\u0434\u0441\u0442\u0432\u0438\u044f \u041a\u0440\u0435\u0449\u0435\u043d\u0438\u044f \u0420\u0443\u0441\u0438 \u043d\u0435 \u0442\u043e\u043b\u044c\u043a\u043e \u0438 \u043d\u0435 \u0441\u0442\u043e\u043b\u044c\u043a\u043e \u00ab\u0438\u0441\u0442\u043e\u0440\u0438\u0447\u0435\u0441\u043a\u0438\u043c \u0437\u0440\u0435\u043d\u0438\u0435\u043c\u00bb, \u0441\u043a\u043e\u043b\u044c\u043a\u043e \u00ab\u043b\u044e\u0431\u043e\u0432\u044c\u044e \u0438 \u0432\u0435\u0440\u043e\u0439\u00bb. \u0412 \u0442\u0430\u043a\u043e\u043c \u043a\u043e\u043d\u0442\u0435\u043a\u0441\u0442\u0435 \u0440\u0443\u0441\u0441\u043a\u0438\u0439 \u0444\u0438\u043b\u043e\u0441\u043e\u0444 \u0443\u0441\u043f\u0435\u0448\u043d\u043e \u0440\u0435\u0448\u0430\u0435\u0442 \u0442\u0430\u043a\u0438\u0435 \u0441\u043b\u043e\u0436\u043d\u044b\u0435 \u043f\u0440\u043e\u0431\u043b\u0435\u043c\u044b, \u043a\u0430\u043a \u0444\u0435\u043d\u043e\u043c\u0435\u043d \u0440\u0443\u0441\u0441\u043a\u043e\u0439 \u0434\u0443\u0445\u043e\u0432\u043d\u043e\u0441\u0442\u0438 \u0438 \u043a\u0443\u043b\u044c\u0442\u0443\u0440\u044b, \u043e\u0441\u043e\u0431\u0435\u043d\u043d\u043e\u0441\u0442\u0438 \u0440\u0443\u0441\u0441\u043a\u043e\u0433\u043e \u0445\u0430\u0440\u0430\u043a\u0442\u0435\u0440\u0430, \u0432\u043e\u0441\u043f\u0440\u0438\u044f\u0442\u0438\u0435 \u0440\u0443\u0441\u0441\u043a\u0438\u043c \u0447\u0435\u043b\u043e\u0432\u0435\u043a\u043e\u043c \u0441\u0432\u043e\u0435\u0439 \u0420\u043e\u0434\u0438\u043d\u044b \u043a\u0430\u043a \u0434\u043e\u0440\u043e\u0433\u043e\u0433\u043e \u0435\u043c\u0443 \u041e\u0442\u0435\u0447\u0435\u0441\u0442\u0432\u0430, \u0441\u043e\u043e\u0442\u043d\u043e\u0448\u0435\u043d\u0438\u0435 \u043f\u0430\u0442\u0440\u0438\u043e\u0442\u0438\u0437\u043c\u0430, \u043d\u0430\u0446\u0438\u043e\u043d\u0430\u043b\u0438\u0437\u043c\u0430 \u0438 \u0438\u043d\u0442\u0435\u0440\u043d\u0430\u0446\u0438\u043e\u043d\u0430\u043b\u0438\u0437\u043c\u0430, \u0443\u043d\u0438\u043a\u0430\u043b\u044c\u043d\u043e\u0441\u0442\u044c \u0420\u043e\u0434\u0438\u043d\u044b \u0438 \u0443\u043d\u0438\u043a\u0430\u043b\u044c\u043d\u043e\u0441\u0442\u044c \u043b\u0438\u0447\u043d\u043e\u0441\u0442\u0438 \u0438 \u0442.&nbsp;\u043f. \u0412\u0441\u0435 \u044d\u0442\u0438 \u0440\u0430\u0437\u043c\u044b\u0448\u043b\u0435\u043d\u0438\u044f \u0418. \u0418\u043b\u044c\u0438\u043d\u0430 \u043f\u0440\u043e\u043d\u0438\u043a\u043d\u0443\u0442\u044b \u0435\u0433\u043e \u0433\u043b\u0443\u0431\u043e\u043a\u043e\u0439 \u043b\u044e\u0431\u043e\u0432\u044c\u044e \u043a \u0420\u043e\u0441\u0441\u0438\u0438 \u0438 \u0432\u0435\u0440\u043d\u043e\u0441\u0442\u044c\u044e \u0434\u043e\u0440\u043e\u0433\u043e\u0439 \u0435\u0433\u043e \u0441\u0435\u0440\u0434\u0446\u0443 \u041e\u0442\u0447\u0438\u0437\u043d\u0435.<\/p>\n\n\n\n<p><strong>\u041a\u043b\u044e\u0447\u0435\u0432\u044b\u0435 \u0441\u043b\u043e\u0432\u0430:<\/strong> \u0418.&nbsp;\u0410. \u0418\u043b\u044c\u0438\u043d, \u041a\u0440\u0435\u0449\u0435\u043d\u0438\u0435 \u0420\u0443\u0441\u0438, \u043f\u0430\u0442\u0440\u0438\u043e\u0442\u0438\u0437\u043c, \u0420\u043e\u0441\u0441\u0438\u044f, \u0420\u043e\u0434\u0438\u043d\u0430, \u041f\u0440\u0430\u0432\u043e\u0441\u043b\u0430\u0432\u0438\u0435, \u043d\u0430\u0446\u0438\u043e\u043d\u0430\u043b\u0438\u0437\u043c.<\/p>\n\n\n\n<p><strong>\u0392\u03b9\u03b2\u03bb\u03b9\u03bf\u03b3\u03c1\u03b1\u03c6\u03af\u03b1<\/strong><br><strong>\u0418\u0441\u0442\u043e\u0447\u043d\u0438\u043a\u0438<\/strong><br><em>\u0418\u043b\u044c\u0438\u043d \u0418.&nbsp;\u0410.<\/em> \u041d\u0430\u0448\u0438 \u0437\u0430\u0434\u0430\u0447\u0438. \u0422. 1. \u041c.: \u041c\u041f \u00ab\u0420\u0430\u0440\u043e\u0433\u00bb, 1992.<br><em>\u0418\u043b\u044c\u0438\u043d \u0418.&nbsp;\u0410.<\/em> \u041e \u0420\u043e\u0441\u0441\u0438\u0438. \u0422\u0440\u0438 \u0440\u0435\u0447\u0438 1926\u20131933 \/\/ <em>\u0418\u043b\u044c\u0438\u043d \u0418.&nbsp;\u0410.<\/em> \u0421\u043e\u0431\u0440\u0430\u043d\u0438\u0435 \u0441\u043e\u0447\u0438\u043d\u0435\u043d\u0438\u0439. \u0422. 6. \u041a\u043d. 2. \u041c.: \u0420\u0443\u0441\u0441\u043a\u0430\u044f \u043a\u043d\u0438\u0433\u0430, 1996. \u0421. 7\u201334.<br><em>\u0418\u043b\u044c\u0438\u043d \u0418.&nbsp;\u0410.<\/em> \u041e \u0420\u0443\u0441\u0441\u043a\u043e\u0439 \u043a\u0443\u043b\u044c\u0442\u0443\u0440\u0435 \/\/ <em>\u0418\u043b\u044c\u0438\u043d \u0418.&nbsp;\u0410.<\/em> \u0421\u043e\u0431\u0440\u0430\u043d\u0438\u0435 \u0441\u043e\u0447\u0438\u043d\u0435\u043d\u0438\u0439. \u0422. 6. \u041a\u043d. 2. \u041c.: \u0420\u0443\u0441\u0441\u043a\u0430\u044f \u043a\u043d\u0438\u0433\u0430, 1996. \u0421. 372\u2013620.<br><em>\u0418\u043b\u044c\u0438\u043d \u0418.&nbsp;\u0410.<\/em> \u0412\u0437\u0433\u043b\u044f\u0434 \u0432\u0434\u0430\u043b\u044c. \u041a\u043d\u0438\u0433\u0430 \u0440\u0430\u0437\u043c\u044b\u0448\u043b\u0435\u043d\u0438\u0439 \u0438 \u0443\u043f\u043e\u0432\u0430\u043d\u0438\u0439 \/\/ <em>\u0418\u043b\u044c\u0438\u043d \u0418.&nbsp;\u0410.<\/em> \u0421\u043e\u0431\u0440\u0430\u043d\u0438\u0435 \u0441\u043e\u0447\u0438\u043d\u0435\u043d\u0438\u0439. \u0422. 8. \u041c.: \u0420\u0443\u0441\u0441\u043a\u0430\u044f \u043a\u043d\u0438\u0433\u0430, 1998. \u0421. 343\u2013564.<br><em>\u0418\u043b\u044c\u0438\u043d \u0418.&nbsp;\u0410.<\/em> \u0420\u043e\u0434\u0438\u043d\u0430 \u0438 \u043c\u044b \/\/ <em>\u0418\u043b\u044c\u0438\u043d \u0418.&nbsp;\u0410.<\/em> \u0421\u043e\u0431\u0440\u0430\u043d\u0438\u0435 \u0441\u043e\u0447\u0438\u043d\u0435\u043d\u0438\u0439. \u0422. 9\u201310. \u041c.: \u0420\u0443\u0441\u0441\u043a\u0430\u044f \u043a\u043d\u0438\u0433\u0430, 1999. \u0421. 331\u2013278.<br><em>\u0418\u043b\u044c\u0438\u043d \u0418.&nbsp;\u0410.<\/em> \u041f\u0443\u0442\u044c \u0434\u0443\u0445\u043e\u0432\u043d\u043e\u0433\u043e \u043e\u0431\u043d\u043e\u0432\u043b\u0435\u043d\u0438\u044f \/\/ <em>\u0418\u043b\u044c\u0438\u043d \u0418.&nbsp;\u0410.<\/em> \u041f\u043e\u0447\u0435\u043c\u0443 \u043c\u044b \u0432\u0435\u0440\u0438\u043c \u0432 \u0420\u043e\u0441\u0441\u0438\u044e: \u0421\u043e\u0447\u0438\u043d\u0435\u043d\u0438\u044f. \u041c.: \u042d\u043a\u0441\u043c\u043e, 2006. \u0421. 123\u2013374.<br><strong>\u038e\u03bb\u03b7<\/strong><br><em>\u041b\u0438\u0441\u0438\u0446\u0430 \u042e.&nbsp;\u0422. <\/em>\u041a\u043e\u043c\u043c\u0435\u043d\u0442\u0430\u0440\u0438\u0438 \/\/ <em>\u0418\u043b\u044c\u0438\u043d \u0418.&nbsp;\u0410.<\/em> \u0421\u043e\u0431\u0440\u0430\u043d\u0438\u0435 \u0441\u043e\u0447\u0438\u043d\u0435\u043d\u0438\u0439. \u0422. 8. \u041c.: \u0420\u0443\u0441\u0441\u043a\u0430\u044f \u043a\u043d\u0438\u0433\u0430, 1998. \u0421. 565\u2013572.<\/p>\n\n\n\n<p><strong>Mikhail I. Ivanov <\/strong><br>Doctor of Theology<strong>, <\/strong>Professor Emeritus of Moscow Theological Academy<strong>, <\/strong>Holy Trinity-St. Sergius Lavra, Sergiev Posad 141300, Russia<strong>, <\/strong>mpda@yandex.ru<\/p>\n\n\n\n<p><em>Theological Questions<\/em>, vol. 1, no. 1, 2019, pp. 96-107 (In Russian) <\/p>\n\n\n\n<p>doi: <\/p>\n\n\n\n<p><strong>Abstract<\/strong><br>Ivan Ilyin, Russia\u2019s famous philosopher and public figure, is known for his well-thought ideas concerning life and ways of the Christian Russian people. Ilyin suggests that the impact of adoption of the Christian faith by the medieval Rus must be evaluated not only by \u201ca historical thought\u201d, but also by \u201clove and faith\u201d. This approach helps Ilyin to deal with so complex issues as Russian spirituality and culture, special features of the Russian mindset, Russians\u2019 attitude to their native land, relations between patriotism, nationalism and internationalism, uniqueness of the native land versus the uniqueness of the human person, etc.<\/p>\n\n\n\n<p><strong>Keywords:<\/strong> Ivan Ilyin, Christianization of Rus, patriotism, Orthodox Christianity, nationalism.<\/p>\n\n\n\n<p><strong>References<\/strong><br><em>Lisitsa Iu. T. Kommentarii <\/em>[Comments] <em>Sobranie sochineni\u012d<\/em> [<em>Collected Works<\/em>], by I. A. Ilyin, vol. 8, Moscow, Russkaia kniga, 1998, pp. <br>565\u2013572. (In Russian)<br>Il\u02b9in, I. A.<em> Nashi zadachi<\/em>. [<em>Our Tasks. Papers 1948<\/em>\u2013<em>1954<\/em>]. Vol. 1, \u041coscow, Rarog, 1992. (In Russian)<br>\u2013\u2013\u2013 O Rossii. Tri rechi 1926\u20131933 [About Russia. Three Speeches 1926\u20131933]<em>.<\/em> <em>Sobranie sochineni\u012d<\/em> [<em>Collected Works<\/em>], by I. A. Il\u02b9in, vol. 6, Moscow, Russkaia kniga, 1996, pp. 7\u201334. (In Russian)<br>\u2013\u2013\u2013 O Russko\u012d kul\u02b9ture [About Russian culture]. <em>Sobranie sochineni\u012d<\/em> [<em>Collected Works<\/em>], by I. A. Il\u02b9in, vol. 6, Moscow, Russkaia kniga, 1996, pp. 372\u2013620. (In Russian)<br>\u2013\u2013\u2013 Vzgliad vdal\u02b9. Kniga razmyshleni\u012d i upovani\u012d [Looking into the Distance. The Book of Reflection and Hope]. <em>Sobranie sochineni\u012d<\/em> [<em>Collected Works<\/em>], by I. A. Il\u02b9in, vol. 8, Moscow, Russkaia kniga, 1998, pp. 343\u2013564. (In Russian)<br>\u2013\u2013\u2013 Rodina i my [Motherland and Us]. <em>Sobranie sochineni\u012d<\/em> [<em>Collected Works<\/em>], by I. A. Il\u02b9in, vol. 9\u201310, Moscow, Russkaia kniga, 1999, pp. 331\u2013278. (In Russian)<br>\u2013\u2013\u2013 Put\u02b9 dukhovnogo obnovleniia [The Path of Spiritual Renewal]. <em>Pochemu my verim v Rossiiu: Sochineniia<\/em> [<em>Why We Believe in Russia: Works<\/em>], by I. A. Il\u02b9in, Moscow, \u0116ksmo, 2006, pp. 123\u2013374. (In Russian)<br><\/p>\n\n\n\n<p> <\/p>","protected":false},"excerpt":{"rendered":"<p>\u041c\u0438\u0445\u0430\u0438\u043b \u0421\u0442\u0435\u043f\u0430\u043d\u043e\u0432\u0438\u0447 \u0418\u0432\u0430\u043d\u043e\u0432 \u0414\u043e\u043a\u0442\u043e\u0440 \u0431\u043e\u0433\u043e\u0441\u043b\u043e\u0432\u0438\u044f, \u0437\u0430\u0441\u043b\u0443\u0436\u0435\u043d\u043d\u044b\u0439 \u043f\u0440\u043e\u0444\u0435\u0441\u0441\u043e\u0440 \u041c\u043e\u0441\u043a\u043e\u0432\u0441\u043a\u043e\u0439 \u0434\u0443\u0445\u043e\u0432\u043d\u043e\u0439 \u0430\u043a\u0430\u0434\u0435\u043c\u0438\u0438, 141300, \u0421\u0435\u0440\u0433\u0438\u0435\u0432 \u041f\u043e\u0441\u0430\u0434, \u0422\u0440\u043e\u0438\u0446\u0435-\u0421\u0435\u0440\u0433\u0438\u0435\u0432\u0430 \u041b\u0430\u0432\u0440\u0430, \u0410\u043a\u0430\u0434\u0435\u043c\u0438\u044f, mpda@yandex.ru \u0412\u043e\u043f\u0440\u043e\u0441\u044b \u0431\u043e\u0433\u043e\u0441\u043b\u043e\u0432\u0438\u044f. 2019. \u0422.&nbsp;1. \u2116&nbsp;1. \u0421. 96-107 doi: 10.31802\/2658-7491-2019-1-1-96-107 \u0410\u043d\u043d\u043e\u0442\u0430\u0446\u0438\u044f \u0421\u0442\u0430\u0442\u044c\u044f \u043f\u0440\u0438\u0443\u0440\u043e\u0447\u0435\u043d\u0430 \u043a 1030-\u043b\u0435\u0442\u0438\u044e \u041a\u0440\u0435\u0449\u0435\u043d\u0438\u044f \u0420\u0443\u0441\u0438. \u0413\u043b\u0443\u0431\u043e\u043a\u0438\u0435 \u0438 \u043f\u0440\u043e\u043d\u0438\u043a\u043d\u043e\u0432\u0435\u043d\u043d\u044b\u0435 \u0440\u0430\u0437\u043c\u044b\u0448\u043b\u0435\u043d\u0438\u044f \u043e \u0436\u0438\u0437\u043d\u0438 \u0438 \u0441\u0443\u0434\u044c\u0431\u0435 \u0440\u0443\u0441\u0441\u043a\u043e\u0433\u043e \u043d\u0430\u0440\u043e\u0434\u0430 \u0438 \u0435\u0433\u043e \u0420\u043e\u0434\u0438\u043d\u0435, \u0437\u0430\u043f\u0435\u0447\u0430\u0442\u043b\u0451\u043d\u043d\u044b\u0445 \u0431\u043b\u0430\u0433\u043e\u0434\u0430\u0442\u044c\u044e \u0441\u0432\u044f\u0442\u043e\u0433\u043e \u041a\u0440\u0435\u0449\u0435\u043d\u0438\u044f, \u043c\u044b \u043d\u0430\u0445\u043e\u0434\u0438\u043c \u0443 \u0438\u0437\u0432\u0435\u0441\u0442\u043d\u043e\u0433\u043e \u0440\u0443\u0441\u0441\u043a\u043e\u0433\u043e [&hellip;]<\/p>","protected":false},"author":3,"featured_media":0,"parent":5496,"menu_order":0,"comment_status":"closed","ping_status":"closed","template":"","meta":{"_acf_changed":false,"footnotes":""},"categories":[71],"wf_page_folders":[],"class_list":["post-5534","page","type-page","status-publish","hentry","category-knigi"],"acf":[],"featured_image_urls_v2":{"full":"","thumbnail":"","medium":"","medium_large":"","large":"","1536x1536":"","2048x2048":"","trp-custom-language-flag":""},"post_excerpt_stackable_v2":"<p>\u041c\u0438\u0445\u0430\u0438\u043b \u0421\u0442\u0435\u043f\u0430\u043d\u043e\u0432\u0438\u0447 \u0418\u0432\u0430\u043d\u043e\u0432 \u0414\u043e\u043a\u0442\u043e\u0440 \u0431\u043e\u0433\u043e\u0441\u043b\u043e\u0432\u0438\u044f, \u0437\u0430\u0441\u043b\u0443\u0436\u0435\u043d\u043d\u044b\u0439 \u043f\u0440\u043e\u0444\u0435\u0441\u0441\u043e\u0440 \u041c\u043e\u0441\u043a\u043e\u0432\u0441\u043a\u043e\u0439 \u0434\u0443\u0445\u043e\u0432\u043d\u043e\u0439 \u0430\u043a\u0430\u0434\u0435\u043c\u0438\u0438, 141300, \u0421\u0435\u0440\u0433\u0438\u0435\u0432 \u041f\u043e\u0441\u0430\u0434, \u0422\u0440\u043e\u0438\u0446\u0435-\u0421\u0435\u0440\u0433\u0438\u0435\u0432\u0430 \u041b\u0430\u0432\u0440\u0430, \u0410\u043a\u0430\u0434\u0435\u043c\u0438\u044f, mpda@yandex.ru \u0412\u043e\u043f\u0440\u043e\u0441\u044b \u0431\u043e\u0433\u043e\u0441\u043b\u043e\u0432\u0438\u044f. 2019. \u0422.&nbsp;1. \u2116&nbsp;1. \u0421. 96-107 doi: 10.31802\/2658-7491-2019-1-1-96-107 \u0410\u043d\u043d\u043e\u0442\u0430\u0446\u0438\u044f \u0421\u0442\u0430\u0442\u044c\u044f \u043f\u0440\u0438\u0443\u0440\u043e\u0447\u0435\u043d\u0430 \u043a 1030-\u043b\u0435\u0442\u0438\u044e \u041a\u0440\u0435\u0449\u0435\u043d\u0438\u044f \u0420\u0443\u0441\u0438. \u0413\u043b\u0443\u0431\u043e\u043a\u0438\u0435 \u0438 \u043f\u0440\u043e\u043d\u0438\u043a\u043d\u043e\u0432\u0435\u043d\u043d\u044b\u0435 \u0440\u0430\u0437\u043c\u044b\u0448\u043b\u0435\u043d\u0438\u044f \u043e \u0436\u0438\u0437\u043d\u0438 \u0438 \u0441\u0443\u0434\u044c\u0431\u0435 \u0440\u0443\u0441\u0441\u043a\u043e\u0433\u043e \u043d\u0430\u0440\u043e\u0434\u0430 \u0438 \u0435\u0433\u043e \u0420\u043e\u0434\u0438\u043d\u0435, \u0437\u0430\u043f\u0435\u0447\u0430\u0442\u043b\u0451\u043d\u043d\u044b\u0445 \u0431\u043b\u0430\u0433\u043e\u0434\u0430\u0442\u044c\u044e \u0441\u0432\u044f\u0442\u043e\u0433\u043e \u041a\u0440\u0435\u0449\u0435\u043d\u0438\u044f, \u043c\u044b \u043d\u0430\u0445\u043e\u0434\u0438\u043c \u0443 \u0438\u0437\u0432\u0435\u0441\u0442\u043d\u043e\u0433\u043e \u0440\u0443\u0441\u0441\u043a\u043e\u0433\u043e \u0444\u0438\u043b\u043e\u0441\u043e\u0444\u0430 \u0438 \u043e\u0431\u0449\u0435\u0441\u0442\u0432\u0435\u043d\u043d\u043e\u0433\u043e \u0434\u0435\u044f\u0442\u0435\u043b\u044f \u0418\u0432\u0430\u043d\u0430 \u0418\u043b\u044c\u0438\u043d\u0430. \u041e\u0431\u0440\u0430\u0449\u0430\u0435\u0442 \u043d\u0430 \u0441\u0435\u0431\u044f \u0432\u043d\u0438\u043c\u0430\u043d\u0438\u0435 \u0442\u043e, \u0447\u0442\u043e \u0418\u043b\u044c\u0438\u043d \u043f\u0440\u0438\u0437\u044b\u0432\u0430\u0435\u0442 \u0440\u0430\u0441\u0441\u043c\u0430\u0442\u0440\u0438\u0432\u0430\u0442\u044c \u043f\u043e\u0441\u043b\u0435\u0434\u0441\u0442\u0432\u0438\u044f \u041a\u0440\u0435\u0449\u0435\u043d\u0438\u044f \u0420\u0443\u0441\u0438 \u043d\u0435 \u0442\u043e\u043b\u044c\u043a\u043e \u0438 \u043d\u0435 \u0441\u0442\u043e\u043b\u044c\u043a\u043e \u00ab\u0438\u0441\u0442\u043e\u0440\u0438\u0447\u0435\u0441\u043a\u0438\u043c \u0437\u0440\u0435\u043d\u0438\u0435\u043c\u00bb, \u0441\u043a\u043e\u043b\u044c\u043a\u043e \u00ab\u043b\u044e\u0431\u043e\u0432\u044c\u044e \u0438 \u0432\u0435\u0440\u043e\u0439\u00bb. \u0412 \u0442\u0430\u043a\u043e\u043c \u043a\u043e\u043d\u0442\u0435\u043a\u0441\u0442\u0435 \u0440\u0443\u0441\u0441\u043a\u0438\u0439 \u0444\u0438\u043b\u043e\u0441\u043e\u0444 \u0443\u0441\u043f\u0435\u0448\u043d\u043e \u0440\u0435\u0448\u0430\u0435\u0442 \u0442\u0430\u043a\u0438\u0435 \u0441\u043b\u043e\u0436\u043d\u044b\u0435 \u043f\u0440\u043e\u0431\u043b\u0435\u043c\u044b, \u043a\u0430\u043a \u0444\u0435\u043d\u043e\u043c\u0435\u043d \u0440\u0443\u0441\u0441\u043a\u043e\u0439 \u0434\u0443\u0445\u043e\u0432\u043d\u043e\u0441\u0442\u0438 \u0438 \u043a\u0443\u043b\u044c\u0442\u0443\u0440\u044b,&hellip;<\/p>\n","category_list_v2":"<a href=\"https:\/\/mpda.ru\/el\/category\/knigi\/\" rel=\"category tag\">\u041a\u043d\u0438\u0433\u0438<\/a>","author_info_v2":{"name":"","url":"https:\/\/mpda.ru\/el\/author\/"},"comments_num_v2":"0 comments","publishpress_future_action":{"enabled":false,"date":"2026-07-25 10:31:39","action":"change-status","newStatus":"private","terms":[],"taxonomy":"category","extraData":[]},"publishpress_future_workflow_manual_trigger":{"enabledWorkflows":[]},"_links":{"self":[{"href":"https:\/\/mpda.ru\/el\/wp-json\/wp\/v2\/pages\/5534","targetHints":{"allow":["GET"]}}],"collection":[{"href":"https:\/\/mpda.ru\/el\/wp-json\/wp\/v2\/pages"}],"about":[{"href":"https:\/\/mpda.ru\/el\/wp-json\/wp\/v2\/types\/page"}],"author":[{"embeddable":true,"href":"https:\/\/mpda.ru\/el\/wp-json\/wp\/v2\/users\/3"}],"replies":[{"embeddable":true,"href":"https:\/\/mpda.ru\/el\/wp-json\/wp\/v2\/comments?post=5534"}],"version-history":[{"count":1,"href":"https:\/\/mpda.ru\/el\/wp-json\/wp\/v2\/pages\/5534\/revisions"}],"predecessor-version":[{"id":14390,"href":"https:\/\/mpda.ru\/el\/wp-json\/wp\/v2\/pages\/5534\/revisions\/14390"}],"up":[{"embeddable":true,"href":"https:\/\/mpda.ru\/el\/wp-json\/wp\/v2\/pages\/5496"}],"wp:attachment":[{"href":"https:\/\/mpda.ru\/el\/wp-json\/wp\/v2\/media?parent=5534"}],"wp:term":[{"taxonomy":"category","embeddable":true,"href":"https:\/\/mpda.ru\/el\/wp-json\/wp\/v2\/categories?post=5534"},{"taxonomy":"wf_page_folders","embeddable":true,"href":"https:\/\/mpda.ru\/el\/wp-json\/wp\/v2\/wf_page_folders?post=5534"}],"curies":[{"name":"wp","href":"https:\/\/api.w.org\/{rel}","templated":true}]}}